{"id":1510,"date":"2025-11-25T16:14:03","date_gmt":"2025-11-25T16:14:03","guid":{"rendered":"https:\/\/brezzadellario.com\/?page_id=1510"},"modified":"2026-03-31T15:38:08","modified_gmt":"2026-03-31T15:38:08","slug":"kitesurfing-lesson","status":"publish","type":"page","link":"https:\/\/brezzadellario.com\/en\/experiences-and-services\/kitesurfing-lesson\/","title":{"rendered":"Lezione di Kitesurf"},"content":{"rendered":"<section id=\"scroll\" class=\"bde-section-1510-100 bde-section\">\n  \n  \n\t\n\n\n\n<div class=\"section-container\"><div class=\"bde-columns-1510-101 bde-columns\"><div class=\"bde-column-1510-102 bde-column\">\n  \n  \n\t\n\n\n\n<div class=\"bde-gallery-1510-103 bde-gallery\">\n\n\n  \n\n\n\n\n\n\n\n  \n\n  <div class=\"ee-gallery-swiper breakdance-swiper-wrapper\" data-swiper-id=\"103\">\n    <div class=\"swiper\">\n\n<div class=\"ee-gallery ee-gallery--gallery-slider ee-gallery--slider ee-gallery--single ee-gallery--none ee-gallery-- ee-gallery--caption- ee-gallery--caption-none ee-gallery--ratio swiper-wrapper\">\n                  \n      <div class=\"ee-gallery-item ee-gallery-item--image ee-gallery-item--single swiper-slide\" href=\"https:\/\/brezzadellario.com\/wp-content\/uploads\/2025\/11\/LEZIONE-DI-KITESURF-1.webp\"  data-sub-html=\"<span><\/span>\" data-category=\"1\"                  data-lg-size=\"2048-2560\"\n\n      >\n        <figure class=\"ee-gallery-item-figure\">\n                        <img decoding=\"async\" class=\"breakdance-image-object\" src=\"https:\/\/brezzadellario.com\/wp-content\/uploads\/2025\/11\/LEZIONE-DI-KITESURF-1-819x1024.webp\" width=\"819\" height=\"1024\" srcset=\"https:\/\/brezzadellario.com\/wp-content\/uploads\/2025\/11\/LEZIONE-DI-KITESURF-1.webp 2048w, https:\/\/brezzadellario.com\/wp-content\/uploads\/2025\/11\/LEZIONE-DI-KITESURF-1-240x300.webp 240w, https:\/\/brezzadellario.com\/wp-content\/uploads\/2025\/11\/LEZIONE-DI-KITESURF-1-819x1024.webp 819w, https:\/\/brezzadellario.com\/wp-content\/uploads\/2025\/11\/LEZIONE-DI-KITESURF-1-768x960.webp 768w, https:\/\/brezzadellario.com\/wp-content\/uploads\/2025\/11\/LEZIONE-DI-KITESURF-1-1229x1536.webp 1229w, https:\/\/brezzadellario.com\/wp-content\/uploads\/2025\/11\/LEZIONE-DI-KITESURF-1-1638x2048.webp 1638w, https:\/\/brezzadellario.com\/wp-content\/uploads\/2025\/11\/LEZIONE-DI-KITESURF-1-10x12.webp 10w\" sizes=\"auto, (max-width: 2048px) 100vw, 2048px\" loading=\"lazy\">\n          \n                  <\/figure>\n      <\/div>\n\n                \n      <div class=\"ee-gallery-item ee-gallery-item--image ee-gallery-item--single swiper-slide\" href=\"https:\/\/brezzadellario.com\/wp-content\/uploads\/2025\/11\/LEZIONE-DI-KITESURF-2.webp\"  data-sub-html=\"<span><\/span>\" data-category=\"1\"                  data-lg-size=\"2560-1707\"\n\n      >\n        <figure class=\"ee-gallery-item-figure\">\n                        <img decoding=\"async\" class=\"breakdance-image-object\" src=\"https:\/\/brezzadellario.com\/wp-content\/uploads\/2025\/11\/LEZIONE-DI-KITESURF-2-1024x683.webp\" width=\"1024\" height=\"683\" srcset=\"https:\/\/brezzadellario.com\/wp-content\/uploads\/2025\/11\/LEZIONE-DI-KITESURF-2.webp 2560w, https:\/\/brezzadellario.com\/wp-content\/uploads\/2025\/11\/LEZIONE-DI-KITESURF-2-300x200.webp 300w, https:\/\/brezzadellario.com\/wp-content\/uploads\/2025\/11\/LEZIONE-DI-KITESURF-2-1024x683.webp 1024w, https:\/\/brezzadellario.com\/wp-content\/uploads\/2025\/11\/LEZIONE-DI-KITESURF-2-768x512.webp 768w, https:\/\/brezzadellario.com\/wp-content\/uploads\/2025\/11\/LEZIONE-DI-KITESURF-2-1536x1024.webp 1536w, https:\/\/brezzadellario.com\/wp-content\/uploads\/2025\/11\/LEZIONE-DI-KITESURF-2-2048x1366.webp 2048w, https:\/\/brezzadellario.com\/wp-content\/uploads\/2025\/11\/LEZIONE-DI-KITESURF-2-18x12.webp 18w\" sizes=\"auto, (max-width: 2560px) 100vw, 2560px\" loading=\"lazy\">\n          \n                  <\/figure>\n      <\/div>\n\n                \n      <div class=\"ee-gallery-item ee-gallery-item--image ee-gallery-item--single swiper-slide\" href=\"https:\/\/brezzadellario.com\/wp-content\/uploads\/2025\/11\/LEZIONE-DI-KITESURF.webp\"  data-sub-html=\"<span><\/span>\" data-category=\"1\"                  data-lg-size=\"2560-1707\"\n\n      >\n        <figure class=\"ee-gallery-item-figure\">\n                        <img decoding=\"async\" class=\"breakdance-image-object\" src=\"https:\/\/brezzadellario.com\/wp-content\/uploads\/2025\/11\/LEZIONE-DI-KITESURF-1024x683.webp\" width=\"1024\" height=\"683\" srcset=\"https:\/\/brezzadellario.com\/wp-content\/uploads\/2025\/11\/LEZIONE-DI-KITESURF.webp 2560w, https:\/\/brezzadellario.com\/wp-content\/uploads\/2025\/11\/LEZIONE-DI-KITESURF-300x200.webp 300w, https:\/\/brezzadellario.com\/wp-content\/uploads\/2025\/11\/LEZIONE-DI-KITESURF-1024x683.webp 1024w, https:\/\/brezzadellario.com\/wp-content\/uploads\/2025\/11\/LEZIONE-DI-KITESURF-768x512.webp 768w, https:\/\/brezzadellario.com\/wp-content\/uploads\/2025\/11\/LEZIONE-DI-KITESURF-1536x1024.webp 1536w, https:\/\/brezzadellario.com\/wp-content\/uploads\/2025\/11\/LEZIONE-DI-KITESURF-2048x1366.webp 2048w, https:\/\/brezzadellario.com\/wp-content\/uploads\/2025\/11\/LEZIONE-DI-KITESURF-18x12.webp 18w\" sizes=\"auto, (max-width: 2560px) 100vw, 2560px\" loading=\"lazy\">\n          \n                  <\/figure>\n      <\/div>\n\n      \n  <\/div>\n\n    <\/div>\n                <div class=\"swiper-button-prev\">\n            \n        <\/div>\n        <div class=\"swiper-button-next\">\n            \n        <\/div>\n    \n            <div class=\"swiper-pagination\"><\/div>\n    \n  <\/div>\n\n\n<\/div><h1 class=\"bde-heading-1510-104 bde-heading\">\nBasic Kitesurfing Lesson\n<\/h1><div class=\"bde-text-1510-105 bde-text\" data-entrance=\"fade\">\nDoes kitesurfing look difficult when viewed from the beach? It's actually easier (and more fun!) than you imagine!<br><br>This experience is designed especially for beginners curious about trying kitesurfing for the first time.<br><br>You will start with a brief introduction to kite theory, and then head out on the water in a boat with your certified instructor.<br>You will learn to control the kite and experience the thrill of being swept gently over the water by the wind. During the experience, you will discover safety equipment and basic techniques, so you will always feel safe and comfortable.<br><br>A unique opportunity to discover the fluid, elegant and playful nature of kitesurfing, without pressure-just pure fun!<br><br>Discover the magic of kitesurfing with the Try Kite session... and get inspired to continue!\n<\/div><h3 class=\"bde-heading-1510-106 bde-heading\">\nInfo and costs\n<\/h3><div class=\"bde-icon-list-1510-107 bde-icon-list\">\n<ul>\n  \n              \n    <li>\n              <div class='bde-icon-list__item-wrapper'>\n      \n      <span class='bde-icon-list__icon'>\n        <svg xmlns=\"http:\/\/www.w3.org\/2000\/svg\" viewbox=\"0 0 512 512\"><!--! Font Awesome Free 6.5.1 by @fontawesome - https:\/\/fontawesome.com License - https:\/\/fontawesome.com\/license\/free (Icons: CC BY 4.0, Fonts: SIL OFL 1.1, Code: MIT License) Copyright 2023 Fonticons, Inc. --><path d=\"M464 256A208 208 0 1 1 48 256a208 208 0 1 1 416 0zM0 256a256 256 0 1 0 512 0A256 256 0 1 0 0 256zM232 120V256c0 8 4 15.5 10.7 20l96 64c11 7.4 25.9 4.4 33.3-6.7s4.4-25.9-6.7-33.3L280 243.2V120c0-13.3-10.7-24-24-24s-24 10.7-24 24z\"\/><\/svg>\n      <\/span>\n      <span class='bde-icon-list__text' >\n      Duration: Approx. 2 hours\n      <\/span>\n              <\/div>\n      \n    <\/li>\n\n  <\/ul>\n\n<\/div><div class=\"bde-icon-list-1510-108 bde-icon-list\">\n<ul>\n  \n              \n    <li>\n              <div class='bde-icon-list__item-wrapper'>\n      \n      <span class='bde-icon-list__icon'>\n        <svg xmlns=\"http:\/\/www.w3.org\/2000\/svg\" viewbox=\"0 0 640 512\"><!--! Font Awesome Free 6.5.1 by @fontawesome - https:\/\/fontawesome.com License - https:\/\/fontawesome.com\/license\/free (Icons: CC BY 4.0, Fonts: SIL OFL 1.1, Code: MIT License) Copyright 2023 Fonticons, Inc. --><path d=\"M96 96V320c0 35.3 28.7 64 64 64H576c35.3 0 64-28.7 64-64V96c0-35.3-28.7-64-64-64H160c-35.3 0-64 28.7-64 64zm64 160c35.3 0 64 28.7 64 64H160V256zM224 96c0 35.3-28.7 64-64 64V96h64zM576 256v64H512c0-35.3 28.7-64 64-64zM512 96h64v64c-35.3 0-64-28.7-64-64zM288 208a80 80 0 1 1 160 0 80 80 0 1 1 -160 0zM48 120c0-13.3-10.7-24-24-24S0 106.7 0 120V360c0 66.3 53.7 120 120 120H520c13.3 0 24-10.7 24-24s-10.7-24-24-24H120c-39.8 0-72-32.2-72-72V120z\"\/><\/svg>\n      <\/span>\n      <span class='bde-icon-list__text' >\n      Cost: 95.00 Euro per person\n      <\/span>\n              <\/div>\n      \n    <\/li>\n\n  <\/ul>\n\n<\/div><div class=\"bde-icon-list-1510-115 bde-icon-list\">\n<ul>\n  \n              \n    <li>\n              <div class='bde-icon-list__item-wrapper'>\n      \n      <span class='bde-icon-list__icon'>\n        <svg xmlns=\"http:\/\/www.w3.org\/2000\/svg\" viewbox=\"0 0 640 512\"><!--! Font Awesome Free 6.5.1 by @fontawesome - https:\/\/fontawesome.com License - https:\/\/fontawesome.com\/license\/free (Icons: CC BY 4.0, Fonts: SIL OFL 1.1, Code: MIT License) Copyright 2023 Fonticons, Inc. --><path d=\"M72 88a56 56 0 1 1 112 0A56 56 0 1 1 72 88zM64 245.7C54 256.9 48 271.8 48 288s6 31.1 16 42.3V245.7zm144.4-49.3C178.7 222.7 160 261.2 160 304c0 34.3 12 65.8 32 90.5V416c0 17.7-14.3 32-32 32H96c-17.7 0-32-14.3-32-32V389.2C26.2 371.2 0 332.7 0 288c0-61.9 50.1-112 112-112h32c24 0 46.2 7.5 64.4 20.3zM448 416V394.5c20-24.7 32-56.2 32-90.5c0-42.8-18.7-81.3-48.4-107.7C449.8 183.5 472 176 496 176h32c61.9 0 112 50.1 112 112c0 44.7-26.2 83.2-64 101.2V416c0 17.7-14.3 32-32 32H480c-17.7 0-32-14.3-32-32zm8-328a56 56 0 1 1 112 0A56 56 0 1 1 456 88zM576 245.7v84.7c10-11.3 16-26.1 16-42.3s-6-31.1-16-42.3zM320 32a64 64 0 1 1 0 128 64 64 0 1 1 0-128zM240 304c0 16.2 6 31 16 42.3V261.7c-10 11.3-16 26.1-16 42.3zm144-42.3v84.7c10-11.3 16-26.1 16-42.3s-6-31.1-16-42.3zM448 304c0 44.7-26.2 83.2-64 101.2V448c0 17.7-14.3 32-32 32H288c-17.7 0-32-14.3-32-32V405.2c-37.8-18-64-56.5-64-101.2c0-61.9 50.1-112 112-112h32c61.9 0 112 50.1 112 112z\"\/><\/svg>\n      <\/span>\n      <span class='bde-icon-list__text' >\n      Level: Beginners \/ No experience required<br>Age: 10 years and up\n      <\/span>\n              <\/div>\n      \n    <\/li>\n\n  <\/ul>\n\n<\/div><div class=\"bde-icon-list-1510-109 bde-icon-list\">\n<ul>\n  \n              \n    <li>\n              <div class='bde-icon-list__item-wrapper'>\n      \n      <span class='bde-icon-list__icon'>\n        <svg xmlns=\"http:\/\/www.w3.org\/2000\/svg\" viewbox=\"0 0 576 512\"><!--! Font Awesome Free 6.5.1 by @fontawesome - https:\/\/fontawesome.com License - https:\/\/fontawesome.com\/license\/free (Icons: CC BY 4.0, Fonts: SIL OFL 1.1, Code: MIT License) Copyright 2023 Fonticons, Inc. --><path d=\"M256 16c0-7 4.5-13.2 11.2-15.3s13.9 .4 17.9 6.1l224 320c3.4 4.9 3.8 11.3 1.1 16.6s-8.2 8.6-14.2 8.6H272c-8.8 0-16-7.2-16-16V16zM212.1 96.5c7 1.9 11.9 8.2 11.9 15.5V336c0 8.8-7.2 16-16 16H80c-5.7 0-11-3-13.8-8s-2.9-11-.1-16l128-224c3.6-6.3 11-9.4 18-7.5zM5.7 404.3C2.8 394.1 10.5 384 21.1 384H554.9c10.6 0 18.3 10.1 15.4 20.3l-4 14.3C550.7 473.9 500.4 512 443 512H133C75.6 512 25.3 473.9 9.7 418.7l-4-14.3z\"\/><\/svg>\n      <\/span>\n      <span class='bde-icon-list__text' >\n      Including: <br>Lesson with certified instructor, boat transport, wetsuit, life jacket, helmet and harness\n      <\/span>\n              <\/div>\n      \n    <\/li>\n\n  <\/ul>\n\n<\/div><div class=\"bde-icon-list-1510-110 bde-icon-list\">\n<ul>\n  \n              \n    <li>\n              <div class='bde-icon-list__item-wrapper'>\n      \n      <span class='bde-icon-list__icon'>\n        <svg xmlns=\"http:\/\/www.w3.org\/2000\/svg\" id=\"icon-info\" viewbox=\"0 0 32 32\">\n<path d=\"M14 9.5c0-0.825 0.675-1.5 1.5-1.5h1c0.825 0 1.5 0.675 1.5 1.5v1c0 0.825-0.675 1.5-1.5 1.5h-1c-0.825 0-1.5-0.675-1.5-1.5v-1z\"\/>\n<path d=\"M20 24h-8v-2h2v-6h-2v-2h6v8h2z\"\/>\n<path d=\"M16 0c-8.837 0-16 7.163-16 16s7.163 16 16 16 16-7.163 16-16-7.163-16-16-16zM16 29c-7.18 0-13-5.82-13-13s5.82-13 13-13 13 5.82 13 13-5.82 13-13 13z\"\/>\n<\/svg>\n      <\/span>\n      <span class='bde-icon-list__text' >\n      What to bring: <br>Swimming costume, hat, water, sun cream\n      <\/span>\n              <\/div>\n      \n    <\/li>\n\n  <\/ul>\n\n<\/div>\n<\/div><div class=\"bde-column-1510-111 bde-column\">\n  \n  \n\t\n\n\n\n<div class=\"bde-div-1510-112 bde-div\">\n  \n  \n\t\n\n\n\n<h3 class=\"bde-heading-1510-113 bde-heading\">\nContact us and book\n<\/h3><div class=\"bde-form-builder-1510-116 bde-form-builder\">\n\n<form id=\"contact-form116\" class=\"breakdance-form breakdance-form--vertical\" data-options=\"{&quot;slug&quot;:&quot;custom&quot;,&quot;name&quot;:&quot;Contact Form&quot;,&quot;ajaxUrl&quot;:&quot;https:\\\/\\\/brezzadellario.com\\\/wp-admin\\\/admin-ajax.php&quot;,&quot;clearOnSuccess&quot;:true,&quot;hideOnSuccess&quot;:false,&quot;successMessage&quot;:&quot;Il tuo messaggio \\u00e8 stato ricevuto!&quot;,&quot;errorMessage&quot;:&quot;Qualcosa \\u00e8 andato storto, riprova.&quot;,&quot;redirect&quot;:false,&quot;redirectUrl&quot;:&quot;&quot;,&quot;customJavaScript&quot;:&quot;&quot;,&quot;recaptcha&quot;:{&quot;key&quot;:&quot;&quot;,&quot;enabled&quot;:false},&quot;honeypot_enabled&quot;:true,&quot;popupsOnSuccess&quot;:[],&quot;popupsOnError&quot;:[]}\" data-steps=\"0\" action=\"\" >\n  \n  \n  \n<div class=\"breakdance-form-field breakdance-form-field--text\" >\n    \n    \n            <label class=\"breakdance-form-field__label\" for=\"name\">\n            Full name<span class=\"breakdance-form-field__required\">*<\/span>\n        <\/label>\n    \n    <input\n    class=\"breakdance-form-field__input\"\n    id=\"name\"\n    aria-describedby=\"name\"\n    type=\"text\"\n    name=\"fields[name]\"\n    placeholder=\"\"\n    value=\"\"\n                \n        \n        \n    required\n>\n\n\n    \n    \n<\/div>\n\n\n<div class=\"breakdance-form-field breakdance-form-field--number\" >\n    \n    \n            <label class=\"breakdance-form-field__label\" for=\"oicfmd\">\n            Number of people\n        <\/label>\n    \n    <input\n    class=\"breakdance-form-field__input\"\n    id=\"oicfmd\"\n    aria-describedby=\"oicfmd\"\n    type=\"number\"\n    name=\"fields[oicfmd]\"\n    placeholder=\"\"\n    value=\"\"\n                \n        \n        \n    \n    \n    \n    \n>\n\n\n    \n    \n<\/div>\n\n\n<div class=\"breakdance-form-field breakdance-form-field--email\" >\n    \n    \n            <label class=\"breakdance-form-field__label\" for=\"email\">\n            Email<span class=\"breakdance-form-field__required\">*<\/span>\n        <\/label>\n    \n    <input\n    class=\"breakdance-form-field__input\"\n    id=\"email\"\n    aria-describedby=\"email\"\n    type=\"email\"\n    name=\"fields[email]\"\n    placeholder=\"\"\n    value=\"\"\n                \n        \n        \n    required\n>\n\n\n    \n    \n<\/div>\n\n\n<div class=\"breakdance-form-field breakdance-form-field--tel\" >\n    \n    \n            <label class=\"breakdance-form-field__label\" for=\"ffkijf\">\n            Telephone No.<span class=\"breakdance-form-field__required\">*<\/span>\n        <\/label>\n    \n    <input\n    class=\"breakdance-form-field__input\"\n    id=\"ffkijf\"\n    aria-describedby=\"ffkijf\"\n    type=\"tel\"\n    name=\"fields[ffkijf]\"\n    placeholder=\"\"\n    value=\"\"\n                \n        \n        \n    required\n>\n\n\n    \n    \n<\/div>\n\n\n<div class=\"breakdance-form-field breakdance-form-field--textarea\" >\n    \n    \n            <label class=\"breakdance-form-field__label\" for=\"message\">\n            Message<span class=\"breakdance-form-field__required\">*<\/span>\n        <\/label>\n    \n    <textarea\n    class=\"breakdance-form-field__input\"\n    id=\"message\"\n    aria-describedby=\"message\"\n    type=\"textarea\"\n    name=\"fields[message]\"\n        placeholder=\"\"\n    required\n>\n<\/textarea>\n\n\n    \n    \n<\/div>\n\n\n<div class=\"breakdance-form-field breakdance-form-field--date\" >\n    \n    \n            <label class=\"breakdance-form-field__label\" for=\"pjtihh\">\n            Preferable date\n        <\/label>\n    \n    <input\n    class=\"breakdance-form-field__input\"\n    id=\"pjtihh\"\n    aria-describedby=\"pjtihh\"\n    type=\"date\"\n    name=\"fields[pjtihh]\"\n    placeholder=\"\"\n    value=\"\"\n                min=\"today\"\n        \n        \n    \n    \n    \n    \n>\n\n\n    \n    \n<\/div>\n\n\n<div class=\"breakdance-form-field breakdance-form-field--time\" >\n    \n    \n            <label class=\"breakdance-form-field__label\" for=\"aunqwv\">\n            Timetable\n        <\/label>\n    \n    <input\n    class=\"breakdance-form-field__input\"\n    id=\"aunqwv\"\n    aria-describedby=\"aunqwv\"\n    type=\"time\"\n    name=\"fields[aunqwv]\"\n    placeholder=\"\"\n    value=\"00:00\"\n                \n        \n        \n    \n    \n    \n    \n>\n\n\n    \n    \n<\/div>\n\n\n<div class=\"breakdance-form-field breakdance-form-field--checkbox\" >\n    \n    \n    \n    <fieldset role=\"group\"\n    >\n          <div class=\"breakdance-form-checkbox\">\n          <input\n              type=\"checkbox\"\n              name=\"fields[clqyjx]\"\n              value=\"Ho letto e accettato la &lt;a style=&quot;color:#f0bb45;&quot; href=&quot;\/privacy-policy\/&quot;&gt;Privacy Policy&lt;\/a&gt;\"\n              id=\"clqyjx-1\"\n              \n                        >\n          <label class=\"breakdance-form-checkbox__text\" for=\"clqyjx-1\">I have read and accepted the <a style=\"color:#f0bb45;\" href=\"\/en\/privacy-policy\/\">Privacy Policy<\/a><\/label>\n      <\/div>\n  <\/fieldset>\n\n\n\n    \n    \n<\/div>\n\n\n<div class=\"breakdance-form-field breakdance-form-field--hpinput\" >\n    \n    \n            <label class=\"breakdance-form-field__label\" for=\"hpname\">\n            HP Name\n        <\/label>\n    \n    <input\n    class=\"breakdance-form-field__input\"\n    id=\"hpname\"\n    aria-describedby=\"hpname\"\n    type=\"hpinput\"\n    name=\"fields[hpname]\"\n    placeholder=\"\"\n    value=\"\"\n                \n        \n        \n    \n    autocomplete=\"off\"\n    tabindex=\"-1\"\n    \n>\n\n\n    \n    \n<\/div>\n\n\n<div class=\"breakdance-form-field breakdance-form-field--hidden\" >\n    \n    \n    \n    <input\n    id=\"csrf-token-116\"\n    type=\"hidden\"\n    name=\"fields[csrfToken]\"\n    value=\"ca283398cf\"\n    >\n\n\n    \n    \n<\/div>\n\n\n  \n\n<div class=\"breakdance-form-field breakdance-form-footer\">\n    \n    \n                                    \n    \n    \n    \n    \n            \n            <button type=\"submit\" class=\"button-atom button-atom--primary breakdance-form-button breakdance-form-button__submit\"  >\n    \n        <span class=\"button-atom__text\">Send message<\/span>\n\n        \n        \n            <\/button>\n    \n    <input type=\"hidden\" name=\"form_id\" value=\"116\">\n    <input type=\"hidden\" name=\"post_id\" value=\"1510\">\n<\/div>\n\n  \n<input type=\"hidden\" name=\"trp-form-language\" value=\"en\"\/><\/form>\n\n\n<\/div>\n<\/div>\n<\/div><\/div><\/div>\n<\/section>","protected":false},"excerpt":{"rendered":"<p>Lezione di base di Kitesurf Il kitesurf ti sembra difficile visto dalla spiaggia? In realt\u00e0 \u00e8 pi\u00f9 facile (e divertente!) di quanto immagini!Questa esperienza \u00e8 pensata apposta per i principianti curiosi di provare il kitesurf per la prima volta.Inizierai con una breve introduzione alla teoria del kite, per poi uscire in acqua in barca insieme [&hellip;]<\/p>","protected":false},"author":2,"featured_media":0,"parent":1306,"menu_order":0,"comment_status":"closed","ping_status":"closed","template":"","meta":{"_breakdance_hide_in_design_set":false,"_breakdance_tags":"","footnotes":""},"class_list":["post-1510","page","type-page","status-publish","hentry"],"_links":{"self":[{"href":"https:\/\/brezzadellario.com\/en\/wp-json\/wp\/v2\/pages\/1510","targetHints":{"allow":["GET"]}}],"collection":[{"href":"https:\/\/brezzadellario.com\/en\/wp-json\/wp\/v2\/pages"}],"about":[{"href":"https:\/\/brezzadellario.com\/en\/wp-json\/wp\/v2\/types\/page"}],"author":[{"embeddable":true,"href":"https:\/\/brezzadellario.com\/en\/wp-json\/wp\/v2\/users\/2"}],"replies":[{"embeddable":true,"href":"https:\/\/brezzadellario.com\/en\/wp-json\/wp\/v2\/comments?post=1510"}],"version-history":[{"count":10,"href":"https:\/\/brezzadellario.com\/en\/wp-json\/wp\/v2\/pages\/1510\/revisions"}],"predecessor-version":[{"id":1864,"href":"https:\/\/brezzadellario.com\/en\/wp-json\/wp\/v2\/pages\/1510\/revisions\/1864"}],"up":[{"embeddable":true,"href":"https:\/\/brezzadellario.com\/en\/wp-json\/wp\/v2\/pages\/1306"}],"wp:attachment":[{"href":"https:\/\/brezzadellario.com\/en\/wp-json\/wp\/v2\/media?parent=1510"}],"curies":[{"name":"wp","href":"https:\/\/api.w.org\/{rel}","templated":true}]}}