{"id":3,"date":"2025-06-10T08:05:34","date_gmt":"2025-06-10T08:05:34","guid":{"rendered":"https:\/\/brezzadellario.com\/?page_id=3"},"modified":"2025-11-25T13:54:27","modified_gmt":"2025-11-25T13:54:27","slug":"datenschutzbestimmungen","status":"publish","type":"page","link":"https:\/\/brezzadellario.com\/de\/datenschutzbestimmungen\/","title":{"rendered":"Datenschutzbestimmungen"},"content":{"rendered":"<section class=\"bde-section-3-103 bde-section\">\n              \n  \n  \n\t\n\n  <div class=\"section-background-overlay\"><\/div>\n\n\n<div class=\"section-container\"><h1 class=\"bde-heading-3-104 bde-heading\">\nDatenschutz und Cookie-Richtlinie\n<\/h1><\/div>\n<\/section><section class=\"bde-section-3-106 bde-section\">\n  \n  \n\t\n\n\n\n<div class=\"section-container\"><div class=\"bde-columns-3-107 bde-columns\"><div class=\"bde-column-3-108 bde-column\">\n  \n  \n\t\n\n\n\n\n<\/div><div class=\"bde-column-3-109 bde-column\">\n  \n  \n\t\n\n\n\n<div class=\"bde-rich-text-3-111 bde-rich-text breakdance-rich-text-styles\">\n<h3>Datenschutzbestimmungen<\/h3><div class=\"widget_inner\"><div id=\"contentAvisoLegal\"><p><strong>Datenschutzbestimmungen<\/strong><br \/>Diese Datenschutzerkl\u00e4rung wurde erstellt, um den Bed\u00fcrfnissen derjenigen besser gerecht zu werden, denen der Umgang mit personenbezogenen Daten im Internet ein besonderes Anliegen ist. Bitte lesen Sie unsere Datenschutzrichtlinien sorgf\u00e4ltig durch, um besser zu verstehen, wie wir Ihre pers\u00f6nlichen Daten auf unserer Website erfassen, verwenden, sch\u00fctzen und allgemein behandeln.<\/p><p><strong>Welche pers\u00f6nlichen Daten sammeln wir von den Besuchern unserer Website?\u00a0<\/strong><strong><br \/><\/strong>Wenn Sie eine Reservierung vornehmen oder sich auf unserer Website registrieren, werden Sie aufgefordert, Ihren Namen, Ihre E-Mail-Adresse, Ihre Anschrift, Ihre Telefonnummer und andere Angaben einzugeben, damit Sie Ihre Reservierung vornehmen k\u00f6nnen.<\/p><p><strong>Zu welchem Zeitpunkt werden die Informationen gesammelt?<\/strong><br \/>Wir sammeln Informationen, wenn Sie eine Buchung vornehmen, wenn Sie uns eine Anfrage schicken, wenn Sie Newsletter abonnieren oder Informationen auf unserer Website einstellen.<\/p><p><strong>Wie verwenden wir Ihre Informationen?<\/strong><br \/>Wir verwenden die Informationen, die wir sammeln, wenn Sie eine Buchung vornehmen, wenn Sie uns eine Anfrage schicken, wenn Sie Newsletter abonnieren oder Informationen auf unserer Website einstellen, auf folgende Weise:<br \/>- Zur Verbesserung unserer Website mit dem Ziel, sie f\u00fcr Sie effizienter zu gestalten.<br \/>- Um Ihre Arbeit zu beschleunigen.<br \/>Stattdessen sammeln wir Ihre E-Mails f\u00fcr:<br \/>- \u00dcbermittlung von Informationen, Beantwortung verschiedener Anfragen.<br \/>- Nehmen Sie Reservierungen vor und \u00fcbermitteln Sie Informationen und \u00c4nderungen dazu.<br \/>- Wir k\u00f6nnen Ihnen auch zus\u00e4tzliche Informationen zu dem von Ihnen erworbenen Produkt oder der Dienstleistung zusenden.<\/p><p><strong>Wie sch\u00fctzen wir die Daten der Besucher?<\/strong><br \/>Ihre pers\u00f6nlichen Daten sind in einem gesicherten Netz gespeichert, zu dem nur eine kleine Anzahl von Personen Zugang hat, die diese Daten vertraulich behandeln m\u00fcssen.<\/p><p>Alle Kreditkartentransaktionen werden \u00fcber eine sichere Plattform abgewickelt und bleiben nicht auf unseren Servern gespeichert oder verarbeitet.<\/p><p><strong>Weitergabe von Informationen an Dritte<\/strong><br \/>Wir verkaufen, tauschen oder \u00fcbermitteln Ihre pers\u00f6nlichen Daten nicht an Dritte, es sei denn, wir informieren Sie im Voraus. Zu den Dritten geh\u00f6ren nicht Webhosting-Partner und andere Unternehmen, die mit uns beim Betrieb unserer Website oder bei der Verwaltung unseres Unternehmens zusammenarbeiten, solange sie sich verpflichten, diese Informationen vertraulich zu behandeln. Wir behalten uns au\u00dferdem das Recht vor, Ihre Daten freizugeben, wenn wir glauben, dass dies notwendig ist, um das Gesetz einzuhalten, unsere Richtlinien durchzusetzen oder die Rechte, das Eigentum oder die Sicherheit anderer zu sch\u00fctzen.<\/p><\/div><\/div>\n<\/div>\n<\/div><div class=\"bde-column-3-110 bde-column\">\n  \n  \n\t\n\n\n\n\n<\/div><\/div><\/div>\n<\/section>","protected":false},"excerpt":{"rendered":"<p>Privacy e Cookies Policy Politica di PrivacyInformativa sulla PrivacyQuesta nota informativa sulla privacy \u00e8 stata compilata per rispondere meglio alle esigenze di coloro che sono specialmente preoccupati dal modo in cui vengono trattati i dati personali online. Per favore, leggete attentamente la nostra normativa sulla privacy per capire meglio come raccogliamo, usiamo, proteggiamo e in [&hellip;]<\/p>","protected":false},"author":1,"featured_media":0,"parent":0,"menu_order":0,"comment_status":"closed","ping_status":"open","template":"","meta":{"_breakdance_hide_in_design_set":false,"_breakdance_tags":"","footnotes":""},"class_list":["post-3","page","type-page","status-publish","hentry"],"_links":{"self":[{"href":"https:\/\/brezzadellario.com\/de\/wp-json\/wp\/v2\/pages\/3","targetHints":{"allow":["GET"]}}],"collection":[{"href":"https:\/\/brezzadellario.com\/de\/wp-json\/wp\/v2\/pages"}],"about":[{"href":"https:\/\/brezzadellario.com\/de\/wp-json\/wp\/v2\/types\/page"}],"author":[{"embeddable":true,"href":"https:\/\/brezzadellario.com\/de\/wp-json\/wp\/v2\/users\/1"}],"replies":[{"embeddable":true,"href":"https:\/\/brezzadellario.com\/de\/wp-json\/wp\/v2\/comments?post=3"}],"version-history":[{"count":12,"href":"https:\/\/brezzadellario.com\/de\/wp-json\/wp\/v2\/pages\/3\/revisions"}],"predecessor-version":[{"id":1390,"href":"https:\/\/brezzadellario.com\/de\/wp-json\/wp\/v2\/pages\/3\/revisions\/1390"}],"wp:attachment":[{"href":"https:\/\/brezzadellario.com\/de\/wp-json\/wp\/v2\/media?parent=3"}],"curies":[{"name":"wp","href":"https:\/\/api.w.org\/{rel}","templated":true}]}}