{"id":1547,"date":"2025-11-25T16:27:31","date_gmt":"2025-11-25T16:27:31","guid":{"rendered":"https:\/\/brezzadellario.com\/?page_id=1547"},"modified":"2026-03-31T15:37:58","modified_gmt":"2026-03-31T15:37:58","slug":"bootsverleih","status":"publish","type":"page","link":"https:\/\/brezzadellario.com\/de\/erfahrungen-und-dienstleistungen\/bootsverleih\/","title":{"rendered":"Boot mieten"},"content":{"rendered":"<section id=\"scroll\" class=\"bde-section-1547-100 bde-section\">\n  \n  \n\t\n\n\n\n<div class=\"section-container\"><div class=\"bde-columns-1547-101 bde-columns\"><div class=\"bde-column-1547-102 bde-column\">\n  \n  \n\t\n\n\n\n<div class=\"bde-gallery-1547-103 bde-gallery\">\n\n\n  \n\n\n\n\n\n\n\n  \n\n  <div class=\"ee-gallery-swiper breakdance-swiper-wrapper\" data-swiper-id=\"103\">\n    <div class=\"swiper\">\n\n<div class=\"ee-gallery ee-gallery--gallery-slider ee-gallery--slider ee-gallery--single ee-gallery--none ee-gallery-- ee-gallery--caption- ee-gallery--caption-none ee-gallery--ratio swiper-wrapper\">\n                  \n      <div class=\"ee-gallery-item ee-gallery-item--image ee-gallery-item--single swiper-slide\" href=\"https:\/\/brezzadellario.com\/wp-content\/uploads\/2025\/11\/NOLEGGIO-BARCA-3.webp\"  data-sub-html=\"<span><\/span>\" data-category=\"1\"                  data-lg-size=\"2560-1703\"\n\n      >\n        <figure class=\"ee-gallery-item-figure\">\n                        <img decoding=\"async\" class=\"breakdance-image-object\" src=\"https:\/\/brezzadellario.com\/wp-content\/uploads\/2025\/11\/NOLEGGIO-BARCA-3-1024x681.webp\" width=\"1024\" height=\"681\" srcset=\"https:\/\/brezzadellario.com\/wp-content\/uploads\/2025\/11\/NOLEGGIO-BARCA-3.webp 2560w, https:\/\/brezzadellario.com\/wp-content\/uploads\/2025\/11\/NOLEGGIO-BARCA-3-300x200.webp 300w, https:\/\/brezzadellario.com\/wp-content\/uploads\/2025\/11\/NOLEGGIO-BARCA-3-1024x681.webp 1024w, https:\/\/brezzadellario.com\/wp-content\/uploads\/2025\/11\/NOLEGGIO-BARCA-3-768x511.webp 768w, https:\/\/brezzadellario.com\/wp-content\/uploads\/2025\/11\/NOLEGGIO-BARCA-3-1536x1022.webp 1536w, https:\/\/brezzadellario.com\/wp-content\/uploads\/2025\/11\/NOLEGGIO-BARCA-3-2048x1362.webp 2048w, https:\/\/brezzadellario.com\/wp-content\/uploads\/2025\/11\/NOLEGGIO-BARCA-3-18x12.webp 18w\" sizes=\"auto, (max-width: 2560px) 100vw, 2560px\" loading=\"lazy\">\n          \n                  <\/figure>\n      <\/div>\n\n                \n      <div class=\"ee-gallery-item ee-gallery-item--image ee-gallery-item--single swiper-slide\" href=\"https:\/\/brezzadellario.com\/wp-content\/uploads\/2025\/11\/NOLEGGIO-BARCA.webp\"  data-sub-html=\"<span><\/span>\" data-category=\"1\"                  data-lg-size=\"2560-1703\"\n\n      >\n        <figure class=\"ee-gallery-item-figure\">\n                        <img decoding=\"async\" class=\"breakdance-image-object\" src=\"https:\/\/brezzadellario.com\/wp-content\/uploads\/2025\/11\/NOLEGGIO-BARCA-1024x681.webp\" width=\"1024\" height=\"681\" srcset=\"https:\/\/brezzadellario.com\/wp-content\/uploads\/2025\/11\/NOLEGGIO-BARCA.webp 2560w, https:\/\/brezzadellario.com\/wp-content\/uploads\/2025\/11\/NOLEGGIO-BARCA-300x200.webp 300w, https:\/\/brezzadellario.com\/wp-content\/uploads\/2025\/11\/NOLEGGIO-BARCA-1024x681.webp 1024w, https:\/\/brezzadellario.com\/wp-content\/uploads\/2025\/11\/NOLEGGIO-BARCA-768x511.webp 768w, https:\/\/brezzadellario.com\/wp-content\/uploads\/2025\/11\/NOLEGGIO-BARCA-1536x1022.webp 1536w, https:\/\/brezzadellario.com\/wp-content\/uploads\/2025\/11\/NOLEGGIO-BARCA-2048x1362.webp 2048w, https:\/\/brezzadellario.com\/wp-content\/uploads\/2025\/11\/NOLEGGIO-BARCA-18x12.webp 18w\" sizes=\"auto, (max-width: 2560px) 100vw, 2560px\" loading=\"lazy\">\n          \n                  <\/figure>\n      <\/div>\n\n                \n      <div class=\"ee-gallery-item ee-gallery-item--image ee-gallery-item--single swiper-slide\" href=\"https:\/\/brezzadellario.com\/wp-content\/uploads\/2025\/11\/NOLEGGIO-BARCA-1.webp\"  data-sub-html=\"<span><\/span>\" data-category=\"1\"                  data-lg-size=\"2560-1703\"\n\n      >\n        <figure class=\"ee-gallery-item-figure\">\n                        <img decoding=\"async\" class=\"breakdance-image-object\" src=\"https:\/\/brezzadellario.com\/wp-content\/uploads\/2025\/11\/NOLEGGIO-BARCA-1-1024x681.webp\" width=\"1024\" height=\"681\" srcset=\"https:\/\/brezzadellario.com\/wp-content\/uploads\/2025\/11\/NOLEGGIO-BARCA-1.webp 2560w, https:\/\/brezzadellario.com\/wp-content\/uploads\/2025\/11\/NOLEGGIO-BARCA-1-300x200.webp 300w, https:\/\/brezzadellario.com\/wp-content\/uploads\/2025\/11\/NOLEGGIO-BARCA-1-1024x681.webp 1024w, https:\/\/brezzadellario.com\/wp-content\/uploads\/2025\/11\/NOLEGGIO-BARCA-1-768x511.webp 768w, https:\/\/brezzadellario.com\/wp-content\/uploads\/2025\/11\/NOLEGGIO-BARCA-1-1536x1022.webp 1536w, https:\/\/brezzadellario.com\/wp-content\/uploads\/2025\/11\/NOLEGGIO-BARCA-1-2048x1362.webp 2048w, https:\/\/brezzadellario.com\/wp-content\/uploads\/2025\/11\/NOLEGGIO-BARCA-1-18x12.webp 18w\" sizes=\"auto, (max-width: 2560px) 100vw, 2560px\" loading=\"lazy\">\n          \n                  <\/figure>\n      <\/div>\n\n                \n      <div class=\"ee-gallery-item ee-gallery-item--image ee-gallery-item--single swiper-slide\" href=\"https:\/\/brezzadellario.com\/wp-content\/uploads\/2025\/11\/NOLEGGIO-BARCA-2.webp\"  data-sub-html=\"<span><\/span>\" data-category=\"1\"                  data-lg-size=\"2560-1703\"\n\n      >\n        <figure class=\"ee-gallery-item-figure\">\n                        <img decoding=\"async\" class=\"breakdance-image-object\" src=\"https:\/\/brezzadellario.com\/wp-content\/uploads\/2025\/11\/NOLEGGIO-BARCA-2-1024x681.webp\" width=\"1024\" height=\"681\" srcset=\"https:\/\/brezzadellario.com\/wp-content\/uploads\/2025\/11\/NOLEGGIO-BARCA-2.webp 2560w, https:\/\/brezzadellario.com\/wp-content\/uploads\/2025\/11\/NOLEGGIO-BARCA-2-300x200.webp 300w, https:\/\/brezzadellario.com\/wp-content\/uploads\/2025\/11\/NOLEGGIO-BARCA-2-1024x681.webp 1024w, https:\/\/brezzadellario.com\/wp-content\/uploads\/2025\/11\/NOLEGGIO-BARCA-2-768x511.webp 768w, https:\/\/brezzadellario.com\/wp-content\/uploads\/2025\/11\/NOLEGGIO-BARCA-2-1536x1022.webp 1536w, https:\/\/brezzadellario.com\/wp-content\/uploads\/2025\/11\/NOLEGGIO-BARCA-2-2048x1362.webp 2048w, https:\/\/brezzadellario.com\/wp-content\/uploads\/2025\/11\/NOLEGGIO-BARCA-2-18x12.webp 18w\" sizes=\"auto, (max-width: 2560px) 100vw, 2560px\" loading=\"lazy\">\n          \n                  <\/figure>\n      <\/div>\n\n                \n      <div class=\"ee-gallery-item ee-gallery-item--image ee-gallery-item--single swiper-slide\" href=\"https:\/\/brezzadellario.com\/wp-content\/uploads\/2025\/11\/NOLEGGIO-BARCA-4.webp\"  data-sub-html=\"<span><\/span>\" data-category=\"1\"                  data-lg-size=\"2560-1707\"\n\n      >\n        <figure class=\"ee-gallery-item-figure\">\n                        <img decoding=\"async\" class=\"breakdance-image-object\" src=\"https:\/\/brezzadellario.com\/wp-content\/uploads\/2025\/11\/NOLEGGIO-BARCA-4-1024x683.webp\" width=\"1024\" height=\"683\" srcset=\"https:\/\/brezzadellario.com\/wp-content\/uploads\/2025\/11\/NOLEGGIO-BARCA-4.webp 2560w, https:\/\/brezzadellario.com\/wp-content\/uploads\/2025\/11\/NOLEGGIO-BARCA-4-300x200.webp 300w, https:\/\/brezzadellario.com\/wp-content\/uploads\/2025\/11\/NOLEGGIO-BARCA-4-1024x683.webp 1024w, https:\/\/brezzadellario.com\/wp-content\/uploads\/2025\/11\/NOLEGGIO-BARCA-4-768x512.webp 768w, https:\/\/brezzadellario.com\/wp-content\/uploads\/2025\/11\/NOLEGGIO-BARCA-4-1536x1024.webp 1536w, https:\/\/brezzadellario.com\/wp-content\/uploads\/2025\/11\/NOLEGGIO-BARCA-4-2048x1366.webp 2048w, https:\/\/brezzadellario.com\/wp-content\/uploads\/2025\/11\/NOLEGGIO-BARCA-4-18x12.webp 18w\" sizes=\"auto, (max-width: 2560px) 100vw, 2560px\" loading=\"lazy\">\n          \n                  <\/figure>\n      <\/div>\n\n      \n  <\/div>\n\n    <\/div>\n                <div class=\"swiper-button-prev\">\n            \n        <\/div>\n        <div class=\"swiper-button-next\">\n            \n        <\/div>\n    \n            <div class=\"swiper-pagination\"><\/div>\n    \n  <\/div>\n\n\n<\/div><h1 class=\"bde-heading-1547-104 bde-heading\">\nBoot mieten\n<\/h1><div class=\"bde-text-1547-105 bde-text\" data-entrance=\"fade\">\nMieten Sie ein Boot und erleben Sie den See in v\u00f6lliger Freiheit, ohne einen F\u00fchrerschein zu ben\u00f6tigen. Mit ihrem eleganten Stil und ihrer intuitiven Steuerung k\u00f6nnen Sie unabh\u00e4ngig in See stechen und versteckte Ecken, kristallklares Wasser und atemberaubende Aussichten entdecken. Sie bietet Platz f\u00fcr bis zu sechs Personen und eignet sich damit perfekt f\u00fcr einen romantischen Ausflug, einen Tag mit Freunden oder eine besondere Zeit mit der Familie. Ihre ger\u00e4umigen Sonnendecks im Vorder- und Hinterschiff laden zum Entspannen in der Sonne ein. Jeder Ausflug ist ein Erlebnis mit dem Wind in den Haaren, der Sonne auf der Haut und der Freiheit, den eigenen Kurs zu bestimmen, in Ihrem eigenen Tempo und nach Ihren W\u00fcnschen.\n<\/div><h3 class=\"bde-heading-1547-106 bde-heading\">\nInformationen und Kosten\n<\/h3><div class=\"bde-icon-list-1547-107 bde-icon-list\">\n<ul>\n  \n              \n    <li>\n              <div class='bde-icon-list__item-wrapper'>\n      \n      <span class='bde-icon-list__icon'>\n        <svg xmlns=\"http:\/\/www.w3.org\/2000\/svg\" viewbox=\"0 0 512 512\"><!--! Font Awesome Free 6.5.1 by @fontawesome - https:\/\/fontawesome.com License - https:\/\/fontawesome.com\/license\/free (Icons: CC BY 4.0, Fonts: SIL OFL 1.1, Code: MIT License) Copyright 2023 Fonticons, Inc. --><path d=\"M464 256A208 208 0 1 1 48 256a208 208 0 1 1 416 0zM0 256a256 256 0 1 0 512 0A256 256 0 1 0 0 256zM232 120V256c0 8 4 15.5 10.7 20l96 64c11 7.4 25.9 4.4 33.3-6.7s4.4-25.9-6.7-33.3L280 243.2V120c0-13.3-10.7-24-24-24s-24 10.7-24 24z\"\/><\/svg>\n      <\/span>\n      <span class='bde-icon-list__text' >\n      Dauer: ca. 2 Stunden\n      <\/span>\n              <\/div>\n      \n    <\/li>\n\n  <\/ul>\n\n<\/div><div class=\"bde-icon-list-1547-108 bde-icon-list\">\n<ul>\n  \n              \n    <li>\n              <div class='bde-icon-list__item-wrapper'>\n      \n      <span class='bde-icon-list__icon'>\n        <svg xmlns=\"http:\/\/www.w3.org\/2000\/svg\" viewbox=\"0 0 640 512\"><!--! Font Awesome Free 6.5.1 by @fontawesome - https:\/\/fontawesome.com License - https:\/\/fontawesome.com\/license\/free (Icons: CC BY 4.0, Fonts: SIL OFL 1.1, Code: MIT License) Copyright 2023 Fonticons, Inc. --><path d=\"M96 96V320c0 35.3 28.7 64 64 64H576c35.3 0 64-28.7 64-64V96c0-35.3-28.7-64-64-64H160c-35.3 0-64 28.7-64 64zm64 160c35.3 0 64 28.7 64 64H160V256zM224 96c0 35.3-28.7 64-64 64V96h64zM576 256v64H512c0-35.3 28.7-64 64-64zM512 96h64v64c-35.3 0-64-28.7-64-64zM288 208a80 80 0 1 1 160 0 80 80 0 1 1 -160 0zM48 120c0-13.3-10.7-24-24-24S0 106.7 0 120V360c0 66.3 53.7 120 120 120H520c13.3 0 24-10.7 24-24s-10.7-24-24-24H120c-39.8 0-72-32.2-72-72V120z\"\/><\/svg>\n      <\/span>\n      <span class='bde-icon-list__text' >\n      Kosten: Ab 150 Euro\n      <\/span>\n              <\/div>\n      \n    <\/li>\n\n  <\/ul>\n\n<\/div><div class=\"bde-icon-list-1547-111 bde-icon-list\">\n<ul>\n  \n              \n    <li>\n              <div class='bde-icon-list__item-wrapper'>\n      \n      <span class='bde-icon-list__icon'>\n        <svg xmlns=\"http:\/\/www.w3.org\/2000\/svg\" id=\"icon-info\" viewbox=\"0 0 32 32\">\n<path d=\"M14 9.5c0-0.825 0.675-1.5 1.5-1.5h1c0.825 0 1.5 0.675 1.5 1.5v1c0 0.825-0.675 1.5-1.5 1.5h-1c-0.825 0-1.5-0.675-1.5-1.5v-1z\"\/>\n<path d=\"M20 24h-8v-2h2v-6h-2v-2h6v8h2z\"\/>\n<path d=\"M16 0c-8.837 0-16 7.163-16 16s7.163 16 16 16 16-7.163 16-16-7.163-16-16-16zM16 29c-7.18 0-13-5.82-13-13s5.82-13 13-13 13 5.82 13 13-5.82 13-13 13z\"\/>\n<\/svg>\n      <\/span>\n      <span class='bde-icon-list__text' >\n      Voraussetzung: 18 Jahre alt <br><br>\n      <\/span>\n              <\/div>\n      \n    <\/li>\n\n  <\/ul>\n\n<\/div>\n<\/div><div class=\"bde-column-1547-112 bde-column\">\n  \n  \n\t\n\n\n\n<div class=\"bde-div-1547-113 bde-div\">\n  \n  \n\t\n\n\n\n<h3 class=\"bde-heading-1547-114 bde-heading\">\nKontaktieren Sie uns und buchen Sie\n<\/h3><div class=\"bde-form-builder-1547-116 bde-form-builder\">\n\n<form id=\"contact-form116\" class=\"breakdance-form breakdance-form--vertical\" data-options=\"{&quot;slug&quot;:&quot;custom&quot;,&quot;name&quot;:&quot;Contact Form&quot;,&quot;ajaxUrl&quot;:&quot;https:\\\/\\\/brezzadellario.com\\\/wp-admin\\\/admin-ajax.php&quot;,&quot;clearOnSuccess&quot;:true,&quot;hideOnSuccess&quot;:false,&quot;successMessage&quot;:&quot;Il tuo messaggio \\u00e8 stato ricevuto!&quot;,&quot;errorMessage&quot;:&quot;Qualcosa \\u00e8 andato storto, riprova.&quot;,&quot;redirect&quot;:false,&quot;redirectUrl&quot;:&quot;&quot;,&quot;customJavaScript&quot;:&quot;&quot;,&quot;recaptcha&quot;:{&quot;key&quot;:&quot;&quot;,&quot;enabled&quot;:false},&quot;honeypot_enabled&quot;:true,&quot;popupsOnSuccess&quot;:[],&quot;popupsOnError&quot;:[]}\" data-steps=\"0\" action=\"\" >\n  \n  \n  \n<div class=\"breakdance-form-field breakdance-form-field--text\" >\n    \n    \n            <label class=\"breakdance-form-field__label\" for=\"name\">\n            Vollst\u00e4ndiger Name<span class=\"breakdance-form-field__required\">*<\/span>\n        <\/label>\n    \n    <input\n    class=\"breakdance-form-field__input\"\n    id=\"name\"\n    aria-describedby=\"name\"\n    type=\"text\"\n    name=\"fields[name]\"\n    placeholder=\"\"\n    value=\"\"\n                \n        \n        \n    required\n>\n\n\n    \n    \n<\/div>\n\n\n<div class=\"breakdance-form-field breakdance-form-field--number\" >\n    \n    \n            <label class=\"breakdance-form-field__label\" for=\"oicfmd\">\n            Anzahl der Personen\n        <\/label>\n    \n    <input\n    class=\"breakdance-form-field__input\"\n    id=\"oicfmd\"\n    aria-describedby=\"oicfmd\"\n    type=\"number\"\n    name=\"fields[oicfmd]\"\n    placeholder=\"\"\n    value=\"\"\n                \n        \n        \n    \n    \n    \n    \n>\n\n\n    \n    \n<\/div>\n\n\n<div class=\"breakdance-form-field breakdance-form-field--email\" >\n    \n    \n            <label class=\"breakdance-form-field__label\" for=\"email\">\n            E-Mail<span class=\"breakdance-form-field__required\">*<\/span>\n        <\/label>\n    \n    <input\n    class=\"breakdance-form-field__input\"\n    id=\"email\"\n    aria-describedby=\"email\"\n    type=\"email\"\n    name=\"fields[email]\"\n    placeholder=\"\"\n    value=\"\"\n                \n        \n        \n    required\n>\n\n\n    \n    \n<\/div>\n\n\n<div class=\"breakdance-form-field breakdance-form-field--tel\" >\n    \n    \n            <label class=\"breakdance-form-field__label\" for=\"ffkijf\">\n            Telefon Nr.<span class=\"breakdance-form-field__required\">*<\/span>\n        <\/label>\n    \n    <input\n    class=\"breakdance-form-field__input\"\n    id=\"ffkijf\"\n    aria-describedby=\"ffkijf\"\n    type=\"tel\"\n    name=\"fields[ffkijf]\"\n    placeholder=\"\"\n    value=\"\"\n                \n        \n        \n    required\n>\n\n\n    \n    \n<\/div>\n\n\n<div class=\"breakdance-form-field breakdance-form-field--textarea\" >\n    \n    \n            <label class=\"breakdance-form-field__label\" for=\"message\">\n            Nachricht<span class=\"breakdance-form-field__required\">*<\/span>\n        <\/label>\n    \n    <textarea\n    class=\"breakdance-form-field__input\"\n    id=\"message\"\n    aria-describedby=\"message\"\n    type=\"textarea\"\n    name=\"fields[message]\"\n        placeholder=\"\"\n    required\n>\n<\/textarea>\n\n\n    \n    \n<\/div>\n\n\n<div class=\"breakdance-form-field breakdance-form-field--date\" >\n    \n    \n            <label class=\"breakdance-form-field__label\" for=\"pjtihh\">\n            Bevorzugtes Datum\n        <\/label>\n    \n    <input\n    class=\"breakdance-form-field__input\"\n    id=\"pjtihh\"\n    aria-describedby=\"pjtihh\"\n    type=\"date\"\n    name=\"fields[pjtihh]\"\n    placeholder=\"\"\n    value=\"\"\n                min=\"today\"\n        \n        \n    \n    \n    \n    \n>\n\n\n    \n    \n<\/div>\n\n\n<div class=\"breakdance-form-field breakdance-form-field--time\" >\n    \n    \n            <label class=\"breakdance-form-field__label\" for=\"aunqwv\">\n            Fahrplan\n        <\/label>\n    \n    <input\n    class=\"breakdance-form-field__input\"\n    id=\"aunqwv\"\n    aria-describedby=\"aunqwv\"\n    type=\"time\"\n    name=\"fields[aunqwv]\"\n    placeholder=\"\"\n    value=\"00:00\"\n                \n        \n        \n    \n    \n    \n    \n>\n\n\n    \n    \n<\/div>\n\n\n<div class=\"breakdance-form-field breakdance-form-field--checkbox\" >\n    \n    \n    \n    <fieldset role=\"group\"\n    >\n          <div class=\"breakdance-form-checkbox\">\n          <input\n              type=\"checkbox\"\n              name=\"fields[clqyjx]\"\n              value=\"Ho letto e accettato la &lt;a style=&quot;color:#f0bb45;&quot; href=&quot;\/privacy-policy\/&quot;&gt;Privacy Policy&lt;\/a&gt;\"\n              id=\"clqyjx-1\"\n              \n                        >\n          <label class=\"breakdance-form-checkbox__text\" for=\"clqyjx-1\">Ich habe gelesen und akzeptiere die <a style=\"color:#f0bb45;\" href=\"\/de\/datenschutzbestimmungen\/\">Datenschutzbestimmungen<\/a><\/label>\n      <\/div>\n  <\/fieldset>\n\n\n\n    \n    \n<\/div>\n\n\n<div class=\"breakdance-form-field breakdance-form-field--hpinput\" >\n    \n    \n            <label class=\"breakdance-form-field__label\" for=\"hpname\">\n            HP Name\n        <\/label>\n    \n    <input\n    class=\"breakdance-form-field__input\"\n    id=\"hpname\"\n    aria-describedby=\"hpname\"\n    type=\"hpinput\"\n    name=\"fields[hpname]\"\n    placeholder=\"\"\n    value=\"\"\n                \n        \n        \n    \n    autocomplete=\"off\"\n    tabindex=\"-1\"\n    \n>\n\n\n    \n    \n<\/div>\n\n\n<div class=\"breakdance-form-field breakdance-form-field--hidden\" >\n    \n    \n    \n    <input\n    id=\"csrf-token-116\"\n    type=\"hidden\"\n    name=\"fields[csrfToken]\"\n    value=\"69dbcda439\"\n    >\n\n\n    \n    \n<\/div>\n\n\n  \n\n<div class=\"breakdance-form-field breakdance-form-footer\">\n    \n    \n                                    \n    \n    \n    \n    \n            \n            <button type=\"submit\" class=\"button-atom button-atom--primary breakdance-form-button breakdance-form-button__submit\"  >\n    \n        <span class=\"button-atom__text\">Nachricht senden<\/span>\n\n        \n        \n            <\/button>\n    \n    <input type=\"hidden\" name=\"form_id\" value=\"116\">\n    <input type=\"hidden\" name=\"post_id\" value=\"1547\">\n<\/div>\n\n  \n<input type=\"hidden\" name=\"trp-form-language\" value=\"de\"\/><\/form>\n\n\n<\/div>\n<\/div>\n<\/div><\/div><\/div>\n<\/section>","protected":false},"excerpt":{"rendered":"<p>Noleggio barca Noleggia una barca e vivi il lago in totale libert\u00e0, senza bisogno della patente nautica. Con il suo stile elegante e la sua guida intuitiva, ti permette di salpare in autonomia e scoprire angoli nascosti, acque cristalline e panorami mozzafiato. Pu\u00f2 accogliere fino a sei persone, rendendola perfetta per una fuga romantica, una [&hellip;]<\/p>","protected":false},"author":2,"featured_media":0,"parent":1306,"menu_order":0,"comment_status":"closed","ping_status":"closed","template":"","meta":{"_breakdance_hide_in_design_set":false,"_breakdance_tags":"","footnotes":""},"class_list":["post-1547","page","type-page","status-publish","hentry"],"_links":{"self":[{"href":"https:\/\/brezzadellario.com\/de\/wp-json\/wp\/v2\/pages\/1547","targetHints":{"allow":["GET"]}}],"collection":[{"href":"https:\/\/brezzadellario.com\/de\/wp-json\/wp\/v2\/pages"}],"about":[{"href":"https:\/\/brezzadellario.com\/de\/wp-json\/wp\/v2\/types\/page"}],"author":[{"embeddable":true,"href":"https:\/\/brezzadellario.com\/de\/wp-json\/wp\/v2\/users\/2"}],"replies":[{"embeddable":true,"href":"https:\/\/brezzadellario.com\/de\/wp-json\/wp\/v2\/comments?post=1547"}],"version-history":[{"count":8,"href":"https:\/\/brezzadellario.com\/de\/wp-json\/wp\/v2\/pages\/1547\/revisions"}],"predecessor-version":[{"id":1863,"href":"https:\/\/brezzadellario.com\/de\/wp-json\/wp\/v2\/pages\/1547\/revisions\/1863"}],"up":[{"embeddable":true,"href":"https:\/\/brezzadellario.com\/de\/wp-json\/wp\/v2\/pages\/1306"}],"wp:attachment":[{"href":"https:\/\/brezzadellario.com\/de\/wp-json\/wp\/v2\/media?parent=1547"}],"curies":[{"name":"wp","href":"https:\/\/api.w.org\/{rel}","templated":true}]}}