{"id":1539,"date":"2025-11-25T16:22:20","date_gmt":"2025-11-25T16:22:20","guid":{"rendered":"https:\/\/brezzadellario.com\/?page_id=1539"},"modified":"2026-03-31T15:39:02","modified_gmt":"2026-03-31T15:39:02","slug":"gefuhrte-wanderungen","status":"publish","type":"page","link":"https:\/\/brezzadellario.com\/de\/erfahrungen-und-dienstleistungen\/gefuhrte-wanderungen\/","title":{"rendered":"Gef\u00fchrtes Trekking"},"content":{"rendered":"<section id=\"scroll\" class=\"bde-section-1539-100 bde-section\">\n  \n  \n\t\n\n\n\n<div class=\"section-container\"><div class=\"bde-columns-1539-101 bde-columns\"><div class=\"bde-column-1539-102 bde-column\">\n  \n  \n\t\n\n\n\n<div class=\"bde-gallery-1539-103 bde-gallery\">\n\n\n  \n\n\n\n\n\n\n\n  \n\n  <div class=\"ee-gallery-swiper breakdance-swiper-wrapper\" data-swiper-id=\"103\">\n    <div class=\"swiper\">\n\n<div class=\"ee-gallery ee-gallery--gallery-slider ee-gallery--slider ee-gallery--single ee-gallery--none ee-gallery-- ee-gallery--caption- ee-gallery--caption-none ee-gallery--ratio swiper-wrapper\">\n                  \n      <div class=\"ee-gallery-item ee-gallery-item--image ee-gallery-item--single swiper-slide\" href=\"https:\/\/brezzadellario.com\/wp-content\/uploads\/2025\/11\/TREKKING-GUIDATO.webp\"  data-sub-html=\"<span><\/span>\" data-category=\"1\"                  data-lg-size=\"2560-1566\"\n\n      >\n        <figure class=\"ee-gallery-item-figure\">\n                        <img decoding=\"async\" class=\"breakdance-image-object\" src=\"https:\/\/brezzadellario.com\/wp-content\/uploads\/2025\/11\/TREKKING-GUIDATO-1024x626.webp\" width=\"1024\" height=\"626\" srcset=\"https:\/\/brezzadellario.com\/wp-content\/uploads\/2025\/11\/TREKKING-GUIDATO.webp 2560w, https:\/\/brezzadellario.com\/wp-content\/uploads\/2025\/11\/TREKKING-GUIDATO-300x184.webp 300w, https:\/\/brezzadellario.com\/wp-content\/uploads\/2025\/11\/TREKKING-GUIDATO-1024x626.webp 1024w, https:\/\/brezzadellario.com\/wp-content\/uploads\/2025\/11\/TREKKING-GUIDATO-768x470.webp 768w, https:\/\/brezzadellario.com\/wp-content\/uploads\/2025\/11\/TREKKING-GUIDATO-1536x940.webp 1536w, https:\/\/brezzadellario.com\/wp-content\/uploads\/2025\/11\/TREKKING-GUIDATO-2048x1253.webp 2048w, https:\/\/brezzadellario.com\/wp-content\/uploads\/2025\/11\/TREKKING-GUIDATO-18x12.webp 18w\" sizes=\"auto, (max-width: 2560px) 100vw, 2560px\" loading=\"lazy\">\n          \n                  <\/figure>\n      <\/div>\n\n                \n      <div class=\"ee-gallery-item ee-gallery-item--image ee-gallery-item--single swiper-slide\" href=\"https:\/\/brezzadellario.com\/wp-content\/uploads\/2025\/11\/TREKKING-GUIDATO-1.webp\"  data-sub-html=\"<span><\/span>\" data-category=\"1\"                  data-lg-size=\"1707-2560\"\n\n      >\n        <figure class=\"ee-gallery-item-figure\">\n                        <img decoding=\"async\" class=\"breakdance-image-object\" src=\"https:\/\/brezzadellario.com\/wp-content\/uploads\/2025\/11\/TREKKING-GUIDATO-1-683x1024.webp\" width=\"683\" height=\"1024\" srcset=\"https:\/\/brezzadellario.com\/wp-content\/uploads\/2025\/11\/TREKKING-GUIDATO-1.webp 1707w, https:\/\/brezzadellario.com\/wp-content\/uploads\/2025\/11\/TREKKING-GUIDATO-1-200x300.webp 200w, https:\/\/brezzadellario.com\/wp-content\/uploads\/2025\/11\/TREKKING-GUIDATO-1-683x1024.webp 683w, https:\/\/brezzadellario.com\/wp-content\/uploads\/2025\/11\/TREKKING-GUIDATO-1-768x1152.webp 768w, https:\/\/brezzadellario.com\/wp-content\/uploads\/2025\/11\/TREKKING-GUIDATO-1-1024x1536.webp 1024w, https:\/\/brezzadellario.com\/wp-content\/uploads\/2025\/11\/TREKKING-GUIDATO-1-1366x2048.webp 1366w, https:\/\/brezzadellario.com\/wp-content\/uploads\/2025\/11\/TREKKING-GUIDATO-1-8x12.webp 8w\" sizes=\"auto, (max-width: 1707px) 100vw, 1707px\" loading=\"lazy\">\n          \n                  <\/figure>\n      <\/div>\n\n                \n      <div class=\"ee-gallery-item ee-gallery-item--image ee-gallery-item--single swiper-slide\" href=\"https:\/\/brezzadellario.com\/wp-content\/uploads\/2025\/11\/TREKKING-GUIDATO-2.webp\"  data-sub-html=\"<span><\/span>\" data-category=\"1\"                  data-lg-size=\"1707-2560\"\n\n      >\n        <figure class=\"ee-gallery-item-figure\">\n                        <img decoding=\"async\" class=\"breakdance-image-object\" src=\"https:\/\/brezzadellario.com\/wp-content\/uploads\/2025\/11\/TREKKING-GUIDATO-2-683x1024.webp\" width=\"683\" height=\"1024\" srcset=\"https:\/\/brezzadellario.com\/wp-content\/uploads\/2025\/11\/TREKKING-GUIDATO-2.webp 1707w, https:\/\/brezzadellario.com\/wp-content\/uploads\/2025\/11\/TREKKING-GUIDATO-2-200x300.webp 200w, https:\/\/brezzadellario.com\/wp-content\/uploads\/2025\/11\/TREKKING-GUIDATO-2-683x1024.webp 683w, https:\/\/brezzadellario.com\/wp-content\/uploads\/2025\/11\/TREKKING-GUIDATO-2-768x1152.webp 768w, https:\/\/brezzadellario.com\/wp-content\/uploads\/2025\/11\/TREKKING-GUIDATO-2-1024x1536.webp 1024w, https:\/\/brezzadellario.com\/wp-content\/uploads\/2025\/11\/TREKKING-GUIDATO-2-1366x2048.webp 1366w, https:\/\/brezzadellario.com\/wp-content\/uploads\/2025\/11\/TREKKING-GUIDATO-2-8x12.webp 8w\" sizes=\"auto, (max-width: 1707px) 100vw, 1707px\" loading=\"lazy\">\n          \n                  <\/figure>\n      <\/div>\n\n      \n  <\/div>\n\n    <\/div>\n                <div class=\"swiper-button-prev\">\n            \n        <\/div>\n        <div class=\"swiper-button-next\">\n            \n        <\/div>\n    \n            <div class=\"swiper-pagination\"><\/div>\n    \n  <\/div>\n\n\n<\/div><h1 class=\"bde-heading-1539-104 bde-heading\">\nGef\u00fchrtes Trekking\n<\/h1><div class=\"bde-text-1539-105 bde-text\" data-entrance=\"fade\">\nTauchen Sie ein in die Natur und atmen Sie die frische Bergluft bei einer gef\u00fchrten Wanderung durch die atemberaubende Landschaft rund um den Comer See.<br>Ob Sie nun spektakul\u00e4re Aussichten, Waldwege oder geschichtstr\u00e4chtige und kulturelle Orte suchen, dieses Erlebnis ist perfekt f\u00fcr alle, die die Natur lieben.<br><br>In Begleitung eines erfahrenen \u00f6rtlichen F\u00fchrers entdecken Sie versteckte Winkel und Ecken entlang des ber\u00fchmten Wanderwegs, der zu den eindrucksvollsten Pfaden der Region geh\u00f6rt.<br><br>Wir bieten vier verschiedene Ausfl\u00fcge an - kontaktieren Sie unsere Mitarbeiter, um mehr zu erfahren! \n<\/div><h3 class=\"bde-heading-1539-106 bde-heading\">\nInformationen und Kosten\n<\/h3><div class=\"bde-icon-list-1539-107 bde-icon-list\">\n<ul>\n  \n              \n    <li>\n              <div class='bde-icon-list__item-wrapper'>\n      \n      <span class='bde-icon-list__icon'>\n        <svg xmlns=\"http:\/\/www.w3.org\/2000\/svg\" viewbox=\"0 0 512 512\"><!--! Font Awesome Free 6.5.1 by @fontawesome - https:\/\/fontawesome.com License - https:\/\/fontawesome.com\/license\/free (Icons: CC BY 4.0, Fonts: SIL OFL 1.1, Code: MIT License) Copyright 2023 Fonticons, Inc. --><path d=\"M464 256A208 208 0 1 1 48 256a208 208 0 1 1 416 0zM0 256a256 256 0 1 0 512 0A256 256 0 1 0 0 256zM232 120V256c0 8 4 15.5 10.7 20l96 64c11 7.4 25.9 4.4 33.3-6.7s4.4-25.9-6.7-33.3L280 243.2V120c0-13.3-10.7-24-24-24s-24 10.7-24 24z\"\/><\/svg>\n      <\/span>\n      <span class='bde-icon-list__text' >\n      Dauer: halber oder ganzer Tag \n      <\/span>\n              <\/div>\n      \n    <\/li>\n\n  <\/ul>\n\n<\/div>\n<\/div><div class=\"bde-column-1539-108 bde-column\">\n  \n  \n\t\n\n\n\n<div class=\"bde-div-1539-109 bde-div\">\n  \n  \n\t\n\n\n\n<h3 class=\"bde-heading-1539-110 bde-heading\">\nKontaktieren Sie uns und buchen Sie\n<\/h3><div class=\"bde-form-builder-1539-112 bde-form-builder\">\n\n<form id=\"contact-form112\" class=\"breakdance-form breakdance-form--vertical\" data-options=\"{&quot;slug&quot;:&quot;custom&quot;,&quot;name&quot;:&quot;Contact Form&quot;,&quot;ajaxUrl&quot;:&quot;https:\\\/\\\/brezzadellario.com\\\/wp-admin\\\/admin-ajax.php&quot;,&quot;clearOnSuccess&quot;:true,&quot;hideOnSuccess&quot;:false,&quot;successMessage&quot;:&quot;Il tuo messaggio \\u00e8 stato ricevuto!&quot;,&quot;errorMessage&quot;:&quot;Qualcosa \\u00e8 andato storto, riprova.&quot;,&quot;redirect&quot;:false,&quot;redirectUrl&quot;:&quot;&quot;,&quot;customJavaScript&quot;:&quot;&quot;,&quot;recaptcha&quot;:{&quot;key&quot;:&quot;&quot;,&quot;enabled&quot;:false},&quot;honeypot_enabled&quot;:true,&quot;popupsOnSuccess&quot;:[],&quot;popupsOnError&quot;:[]}\" data-steps=\"0\" action=\"\" >\n  \n  \n  \n<div class=\"breakdance-form-field breakdance-form-field--text\" >\n    \n    \n            <label class=\"breakdance-form-field__label\" for=\"name\">\n            Vollst\u00e4ndiger Name<span class=\"breakdance-form-field__required\">*<\/span>\n        <\/label>\n    \n    <input\n    class=\"breakdance-form-field__input\"\n    id=\"name\"\n    aria-describedby=\"name\"\n    type=\"text\"\n    name=\"fields[name]\"\n    placeholder=\"\"\n    value=\"\"\n                \n        \n        \n    required\n>\n\n\n    \n    \n<\/div>\n\n\n<div class=\"breakdance-form-field breakdance-form-field--number\" >\n    \n    \n            <label class=\"breakdance-form-field__label\" for=\"oicfmd\">\n            Anzahl der Personen\n        <\/label>\n    \n    <input\n    class=\"breakdance-form-field__input\"\n    id=\"oicfmd\"\n    aria-describedby=\"oicfmd\"\n    type=\"number\"\n    name=\"fields[oicfmd]\"\n    placeholder=\"\"\n    value=\"\"\n                \n        \n        \n    \n    \n    \n    \n>\n\n\n    \n    \n<\/div>\n\n\n<div class=\"breakdance-form-field breakdance-form-field--email\" >\n    \n    \n            <label class=\"breakdance-form-field__label\" for=\"email\">\n            E-Mail<span class=\"breakdance-form-field__required\">*<\/span>\n        <\/label>\n    \n    <input\n    class=\"breakdance-form-field__input\"\n    id=\"email\"\n    aria-describedby=\"email\"\n    type=\"email\"\n    name=\"fields[email]\"\n    placeholder=\"\"\n    value=\"\"\n                \n        \n        \n    required\n>\n\n\n    \n    \n<\/div>\n\n\n<div class=\"breakdance-form-field breakdance-form-field--tel\" >\n    \n    \n            <label class=\"breakdance-form-field__label\" for=\"ffkijf\">\n            Telefon Nr.<span class=\"breakdance-form-field__required\">*<\/span>\n        <\/label>\n    \n    <input\n    class=\"breakdance-form-field__input\"\n    id=\"ffkijf\"\n    aria-describedby=\"ffkijf\"\n    type=\"tel\"\n    name=\"fields[ffkijf]\"\n    placeholder=\"\"\n    value=\"\"\n                \n        \n        \n    required\n>\n\n\n    \n    \n<\/div>\n\n\n<div class=\"breakdance-form-field breakdance-form-field--textarea\" >\n    \n    \n            <label class=\"breakdance-form-field__label\" for=\"message\">\n            Nachricht<span class=\"breakdance-form-field__required\">*<\/span>\n        <\/label>\n    \n    <textarea\n    class=\"breakdance-form-field__input\"\n    id=\"message\"\n    aria-describedby=\"message\"\n    type=\"textarea\"\n    name=\"fields[message]\"\n        placeholder=\"\"\n    required\n>\n<\/textarea>\n\n\n    \n    \n<\/div>\n\n\n<div class=\"breakdance-form-field breakdance-form-field--date\" >\n    \n    \n            <label class=\"breakdance-form-field__label\" for=\"pjtihh\">\n            Bevorzugtes Datum\n        <\/label>\n    \n    <input\n    class=\"breakdance-form-field__input\"\n    id=\"pjtihh\"\n    aria-describedby=\"pjtihh\"\n    type=\"date\"\n    name=\"fields[pjtihh]\"\n    placeholder=\"\"\n    value=\"\"\n                min=\"today\"\n        \n        \n    \n    \n    \n    \n>\n\n\n    \n    \n<\/div>\n\n\n<div class=\"breakdance-form-field breakdance-form-field--time\" >\n    \n    \n            <label class=\"breakdance-form-field__label\" for=\"aunqwv\">\n            Fahrplan\n        <\/label>\n    \n    <input\n    class=\"breakdance-form-field__input\"\n    id=\"aunqwv\"\n    aria-describedby=\"aunqwv\"\n    type=\"time\"\n    name=\"fields[aunqwv]\"\n    placeholder=\"\"\n    value=\"00:00\"\n                \n        \n        \n    \n    \n    \n    \n>\n\n\n    \n    \n<\/div>\n\n\n<div class=\"breakdance-form-field breakdance-form-field--checkbox\" >\n    \n    \n    \n    <fieldset role=\"group\"\n    >\n          <div class=\"breakdance-form-checkbox\">\n          <input\n              type=\"checkbox\"\n              name=\"fields[clqyjx]\"\n              value=\"Ho letto e accettato la &lt;a style=&quot;color:#f0bb45;&quot; href=&quot;\/privacy-policy\/&quot;&gt;Privacy Policy&lt;\/a&gt;\"\n              id=\"clqyjx-1\"\n              \n                        >\n          <label class=\"breakdance-form-checkbox__text\" for=\"clqyjx-1\">Ich habe gelesen und akzeptiere die <a style=\"color:#f0bb45;\" href=\"\/de\/datenschutzbestimmungen\/\">Datenschutzbestimmungen<\/a><\/label>\n      <\/div>\n  <\/fieldset>\n\n\n\n    \n    \n<\/div>\n\n\n<div class=\"breakdance-form-field breakdance-form-field--hpinput\" >\n    \n    \n            <label class=\"breakdance-form-field__label\" for=\"hpname\">\n            HP Name\n        <\/label>\n    \n    <input\n    class=\"breakdance-form-field__input\"\n    id=\"hpname\"\n    aria-describedby=\"hpname\"\n    type=\"hpinput\"\n    name=\"fields[hpname]\"\n    placeholder=\"\"\n    value=\"\"\n                \n        \n        \n    \n    autocomplete=\"off\"\n    tabindex=\"-1\"\n    \n>\n\n\n    \n    \n<\/div>\n\n\n<div class=\"breakdance-form-field breakdance-form-field--hidden\" >\n    \n    \n    \n    <input\n    id=\"csrf-token-112\"\n    type=\"hidden\"\n    name=\"fields[csrfToken]\"\n    value=\"2bde89f02f\"\n    >\n\n\n    \n    \n<\/div>\n\n\n  \n\n<div class=\"breakdance-form-field breakdance-form-footer\">\n    \n    \n                                    \n    \n    \n    \n    \n            \n            <button type=\"submit\" class=\"button-atom button-atom--primary breakdance-form-button breakdance-form-button__submit\"  >\n    \n        <span class=\"button-atom__text\">Nachricht senden<\/span>\n\n        \n        \n            <\/button>\n    \n    <input type=\"hidden\" name=\"form_id\" value=\"112\">\n    <input type=\"hidden\" name=\"post_id\" value=\"1539\">\n<\/div>\n\n  \n<input type=\"hidden\" name=\"trp-form-language\" value=\"de\"\/><\/form>\n\n\n<\/div>\n<\/div>\n<\/div><\/div><\/div>\n<\/section>","protected":false},"excerpt":{"rendered":"<p>Trekking guidato Immergiti nella natura e respira l\u2019aria fresca di montagna con un\u2019escursione guidata tra i paesaggi mozzafiato che circondano il Lago di Como.Che tu sia alla ricerca di panorami spettacolari, sentieri immersi nei boschi o luoghi ricchi di storia e cultura, questa esperienza \u00e8 perfetta per chi ama la vita all\u2019aria aperta.Accompagnato da una [&hellip;]<\/p>","protected":false},"author":2,"featured_media":0,"parent":1306,"menu_order":0,"comment_status":"closed","ping_status":"closed","template":"","meta":{"_breakdance_hide_in_design_set":false,"_breakdance_tags":"","footnotes":""},"class_list":["post-1539","page","type-page","status-publish","hentry"],"_links":{"self":[{"href":"https:\/\/brezzadellario.com\/de\/wp-json\/wp\/v2\/pages\/1539","targetHints":{"allow":["GET"]}}],"collection":[{"href":"https:\/\/brezzadellario.com\/de\/wp-json\/wp\/v2\/pages"}],"about":[{"href":"https:\/\/brezzadellario.com\/de\/wp-json\/wp\/v2\/types\/page"}],"author":[{"embeddable":true,"href":"https:\/\/brezzadellario.com\/de\/wp-json\/wp\/v2\/users\/2"}],"replies":[{"embeddable":true,"href":"https:\/\/brezzadellario.com\/de\/wp-json\/wp\/v2\/comments?post=1539"}],"version-history":[{"count":7,"href":"https:\/\/brezzadellario.com\/de\/wp-json\/wp\/v2\/pages\/1539\/revisions"}],"predecessor-version":[{"id":1868,"href":"https:\/\/brezzadellario.com\/de\/wp-json\/wp\/v2\/pages\/1539\/revisions\/1868"}],"up":[{"embeddable":true,"href":"https:\/\/brezzadellario.com\/de\/wp-json\/wp\/v2\/pages\/1306"}],"wp:attachment":[{"href":"https:\/\/brezzadellario.com\/de\/wp-json\/wp\/v2\/media?parent=1539"}],"curies":[{"name":"wp","href":"https:\/\/api.w.org\/{rel}","templated":true}]}}