{"id":1535,"date":"2025-11-25T16:19:00","date_gmt":"2025-11-25T16:19:00","guid":{"rendered":"https:\/\/brezzadellario.com\/?page_id=1535"},"modified":"2026-03-31T15:37:15","modified_gmt":"2026-03-31T15:37:15","slug":"kitesurfing-kurs","status":"publish","type":"page","link":"https:\/\/brezzadellario.com\/de\/erfahrungen-und-dienstleistungen\/kitesurfing-kurs\/","title":{"rendered":"Kitesurfing-Kurs"},"content":{"rendered":"<section id=\"scroll\" class=\"bde-section-1535-100 bde-section\">\n  \n  \n\t\n\n\n\n<div class=\"section-container\"><div class=\"bde-columns-1535-101 bde-columns\"><div class=\"bde-column-1535-102 bde-column\">\n  \n  \n\t\n\n\n\n<div class=\"bde-gallery-1535-103 bde-gallery\">\n\n\n  \n\n\n\n\n\n\n\n  \n\n  <div class=\"ee-gallery-swiper breakdance-swiper-wrapper\" data-swiper-id=\"103\">\n    <div class=\"swiper\">\n\n<div class=\"ee-gallery ee-gallery--gallery-slider ee-gallery--slider ee-gallery--single ee-gallery--none ee-gallery-- ee-gallery--caption- ee-gallery--caption-none ee-gallery--ratio swiper-wrapper\">\n                  \n      <div class=\"ee-gallery-item ee-gallery-item--image ee-gallery-item--single swiper-slide\" href=\"https:\/\/brezzadellario.com\/wp-content\/uploads\/2025\/11\/CORSO-DI-KITESURF-2.webp\"  data-sub-html=\"<span><\/span>\" data-category=\"1\"                  data-lg-size=\"2560-1707\"\n\n      >\n        <figure class=\"ee-gallery-item-figure\">\n                        <img decoding=\"async\" class=\"breakdance-image-object\" src=\"https:\/\/brezzadellario.com\/wp-content\/uploads\/2025\/11\/CORSO-DI-KITESURF-2-1024x683.webp\" width=\"1024\" height=\"683\" srcset=\"https:\/\/brezzadellario.com\/wp-content\/uploads\/2025\/11\/CORSO-DI-KITESURF-2.webp 2560w, https:\/\/brezzadellario.com\/wp-content\/uploads\/2025\/11\/CORSO-DI-KITESURF-2-300x200.webp 300w, https:\/\/brezzadellario.com\/wp-content\/uploads\/2025\/11\/CORSO-DI-KITESURF-2-1024x683.webp 1024w, https:\/\/brezzadellario.com\/wp-content\/uploads\/2025\/11\/CORSO-DI-KITESURF-2-768x512.webp 768w, https:\/\/brezzadellario.com\/wp-content\/uploads\/2025\/11\/CORSO-DI-KITESURF-2-1536x1024.webp 1536w, https:\/\/brezzadellario.com\/wp-content\/uploads\/2025\/11\/CORSO-DI-KITESURF-2-2048x1366.webp 2048w, https:\/\/brezzadellario.com\/wp-content\/uploads\/2025\/11\/CORSO-DI-KITESURF-2-18x12.webp 18w\" sizes=\"auto, (max-width: 2560px) 100vw, 2560px\" loading=\"lazy\">\n          \n                  <\/figure>\n      <\/div>\n\n                \n      <div class=\"ee-gallery-item ee-gallery-item--image ee-gallery-item--single swiper-slide\" href=\"https:\/\/brezzadellario.com\/wp-content\/uploads\/2025\/11\/CORSO-DI-KITESURF.webp\"  data-sub-html=\"<span><\/span>\" data-category=\"1\"                  data-lg-size=\"1920-2560\"\n\n      >\n        <figure class=\"ee-gallery-item-figure\">\n                        <img decoding=\"async\" class=\"breakdance-image-object\" src=\"https:\/\/brezzadellario.com\/wp-content\/uploads\/2025\/11\/CORSO-DI-KITESURF-768x1024.webp\" width=\"768\" height=\"1024\" srcset=\"https:\/\/brezzadellario.com\/wp-content\/uploads\/2025\/11\/CORSO-DI-KITESURF.webp 1920w, https:\/\/brezzadellario.com\/wp-content\/uploads\/2025\/11\/CORSO-DI-KITESURF-225x300.webp 225w, https:\/\/brezzadellario.com\/wp-content\/uploads\/2025\/11\/CORSO-DI-KITESURF-768x1024.webp 768w, https:\/\/brezzadellario.com\/wp-content\/uploads\/2025\/11\/CORSO-DI-KITESURF-1152x1536.webp 1152w, https:\/\/brezzadellario.com\/wp-content\/uploads\/2025\/11\/CORSO-DI-KITESURF-1536x2048.webp 1536w, https:\/\/brezzadellario.com\/wp-content\/uploads\/2025\/11\/CORSO-DI-KITESURF-9x12.webp 9w\" sizes=\"auto, (max-width: 1920px) 100vw, 1920px\" loading=\"lazy\">\n          \n                  <\/figure>\n      <\/div>\n\n                \n      <div class=\"ee-gallery-item ee-gallery-item--image ee-gallery-item--single swiper-slide\" href=\"https:\/\/brezzadellario.com\/wp-content\/uploads\/2025\/11\/CORSO-DI-KITESURF-1.webp\"  data-sub-html=\"<span><\/span>\" data-category=\"1\"                  data-lg-size=\"1440-2560\"\n\n      >\n        <figure class=\"ee-gallery-item-figure\">\n                        <img decoding=\"async\" class=\"breakdance-image-object\" src=\"https:\/\/brezzadellario.com\/wp-content\/uploads\/2025\/11\/CORSO-DI-KITESURF-1-576x1024.webp\" width=\"576\" height=\"1024\" srcset=\"https:\/\/brezzadellario.com\/wp-content\/uploads\/2025\/11\/CORSO-DI-KITESURF-1.webp 1440w, https:\/\/brezzadellario.com\/wp-content\/uploads\/2025\/11\/CORSO-DI-KITESURF-1-169x300.webp 169w, https:\/\/brezzadellario.com\/wp-content\/uploads\/2025\/11\/CORSO-DI-KITESURF-1-576x1024.webp 576w, https:\/\/brezzadellario.com\/wp-content\/uploads\/2025\/11\/CORSO-DI-KITESURF-1-768x1365.webp 768w, https:\/\/brezzadellario.com\/wp-content\/uploads\/2025\/11\/CORSO-DI-KITESURF-1-864x1536.webp 864w, https:\/\/brezzadellario.com\/wp-content\/uploads\/2025\/11\/CORSO-DI-KITESURF-1-1152x2048.webp 1152w, https:\/\/brezzadellario.com\/wp-content\/uploads\/2025\/11\/CORSO-DI-KITESURF-1-7x12.webp 7w\" sizes=\"auto, (max-width: 1440px) 100vw, 1440px\" loading=\"lazy\">\n          \n                  <\/figure>\n      <\/div>\n\n      \n  <\/div>\n\n    <\/div>\n                <div class=\"swiper-button-prev\">\n            \n        <\/div>\n        <div class=\"swiper-button-next\">\n            \n        <\/div>\n    \n            <div class=\"swiper-pagination\"><\/div>\n    \n  <\/div>\n\n\n<\/div><h1 class=\"bde-heading-1535-104 bde-heading\">\nKitesurfing-Kurs\n<\/h1><div class=\"bde-text-1535-105 bde-text\" data-entrance=\"fade\">\nBeginnen Sie Ihr Kitesurfing-Abenteuer in den wundersch\u00f6nen Gew\u00e4ssern des Comer Sees mit unserem Anf\u00e4ngerkurs, in dem Sie die Grundlagen der Kitekontrolle, der Sicherheit und des Body Dragging erlernen. Wir beginnen an Land mit einem Simulator, gehen dann aufs Wasser und \u00fcben das Starten des Kites und die ersten Starts mit dem Board. Der Unterricht findet direkt vom Boot aus statt, so dass du dich voll konzentrieren kannst, w\u00e4hrend der Lehrer dich \u00fcber Funk begleitet. Das ist die sicherste und effektivste Art zu lernen - im Herzen des Comer Sees.\n<\/div><h3 class=\"bde-heading-1535-106 bde-heading\">\nInformationen und Kosten\n<\/h3><div class=\"bde-icon-list-1535-107 bde-icon-list\">\n<ul>\n  \n              \n    <li>\n              <div class='bde-icon-list__item-wrapper'>\n      \n      <span class='bde-icon-list__icon'>\n        <svg xmlns=\"http:\/\/www.w3.org\/2000\/svg\" viewbox=\"0 0 512 512\"><!--! Font Awesome Free 6.5.1 by @fontawesome - https:\/\/fontawesome.com License - https:\/\/fontawesome.com\/license\/free (Icons: CC BY 4.0, Fonts: SIL OFL 1.1, Code: MIT License) Copyright 2023 Fonticons, Inc. --><path d=\"M464 256A208 208 0 1 1 48 256a208 208 0 1 1 416 0zM0 256a256 256 0 1 0 512 0A256 256 0 1 0 0 256zM232 120V256c0 8 4 15.5 10.7 20l96 64c11 7.4 25.9 4.4 33.3-6.7s4.4-25.9-6.7-33.3L280 243.2V120c0-13.3-10.7-24-24-24s-24 10.7-24 24z\"\/><\/svg>\n      <\/span>\n      <span class='bde-icon-list__text' >\n      Dauer:<br>Kurs f\u00fcr Anf\u00e4nger: 5 Stunden (1 Tag)<br>Kurs f\u00fcr Anf\u00e4nger und Fortgeschrittene: 8 Stunden (2 Tage - 5+3)<br>Kurs f\u00fcr Anf\u00e4nger + Fortgeschrittene + Fortgeschrittene: 11 Stunden (3 Tage - 5+3+3)\n      <\/span>\n              <\/div>\n      \n    <\/li>\n\n  <\/ul>\n\n<\/div><div class=\"bde-icon-list-1535-109 bde-icon-list\">\n<ul>\n  \n              \n    <li>\n              <div class='bde-icon-list__item-wrapper'>\n      \n      <span class='bde-icon-list__icon'>\n        <svg xmlns=\"http:\/\/www.w3.org\/2000\/svg\" viewbox=\"0 0 640 512\"><!--! Font Awesome Free 6.5.1 by @fontawesome - https:\/\/fontawesome.com License - https:\/\/fontawesome.com\/license\/free (Icons: CC BY 4.0, Fonts: SIL OFL 1.1, Code: MIT License) Copyright 2023 Fonticons, Inc. --><path d=\"M96 96V320c0 35.3 28.7 64 64 64H576c35.3 0 64-28.7 64-64V96c0-35.3-28.7-64-64-64H160c-35.3 0-64 28.7-64 64zm64 160c35.3 0 64 28.7 64 64H160V256zM224 96c0 35.3-28.7 64-64 64V96h64zM576 256v64H512c0-35.3 28.7-64 64-64zM512 96h64v64c-35.3 0-64-28.7-64-64zM288 208a80 80 0 1 1 160 0 80 80 0 1 1 -160 0zM48 120c0-13.3-10.7-24-24-24S0 106.7 0 120V360c0 66.3 53.7 120 120 120H520c13.3 0 24-10.7 24-24s-10.7-24-24-24H120c-39.8 0-72-32.2-72-72V120z\"\/><\/svg>\n      <\/span>\n      <span class='bde-icon-list__text' >\n      Kosten: Ab 345,00 Euro\n      <\/span>\n              <\/div>\n      \n    <\/li>\n\n  <\/ul>\n\n<\/div><div class=\"bde-icon-list-1535-110 bde-icon-list\">\n<ul>\n  \n              \n    <li>\n              <div class='bde-icon-list__item-wrapper'>\n      \n      <span class='bde-icon-list__icon'>\n        <svg xmlns=\"http:\/\/www.w3.org\/2000\/svg\" viewbox=\"0 0 576 512\"><!--! Font Awesome Free 6.5.1 by @fontawesome - https:\/\/fontawesome.com License - https:\/\/fontawesome.com\/license\/free (Icons: CC BY 4.0, Fonts: SIL OFL 1.1, Code: MIT License) Copyright 2023 Fonticons, Inc. --><path d=\"M256 16c0-7 4.5-13.2 11.2-15.3s13.9 .4 17.9 6.1l224 320c3.4 4.9 3.8 11.3 1.1 16.6s-8.2 8.6-14.2 8.6H272c-8.8 0-16-7.2-16-16V16zM212.1 96.5c7 1.9 11.9 8.2 11.9 15.5V336c0 8.8-7.2 16-16 16H80c-5.7 0-11-3-13.8-8s-2.9-11-.1-16l128-224c3.6-6.3 11-9.4 18-7.5zM5.7 404.3C2.8 394.1 10.5 384 21.1 384H554.9c10.6 0 18.3 10.1 15.4 20.3l-4 14.3C550.7 473.9 500.4 512 443 512H133C75.6 512 25.3 473.9 9.7 418.7l-4-14.3z\"\/><\/svg>\n      <\/span>\n      <span class='bde-icon-list__text' >\n      In den Kosten enthalten:<br>Zertifizierter Kitesurfing-Lehrer, Bootstransport, Kite, Neoprenanzug, Schwimmweste, Helm, Trapez, Kitesurfing-Ausr\u00fcstung, pers\u00f6nliches Schlie\u00dffach in der Anlage, Abholservice von anderen Orten (Varenna, Bellagio oder Menaggio).\n      <\/span>\n              <\/div>\n      \n    <\/li>\n\n  <\/ul>\n\n<\/div><div class=\"bde-icon-list-1535-111 bde-icon-list\">\n<ul>\n  \n              \n    <li>\n              <div class='bde-icon-list__item-wrapper'>\n      \n      <span class='bde-icon-list__icon'>\n        <svg xmlns=\"http:\/\/www.w3.org\/2000\/svg\" id=\"icon-info\" viewbox=\"0 0 32 32\">\n<path d=\"M14 9.5c0-0.825 0.675-1.5 1.5-1.5h1c0.825 0 1.5 0.675 1.5 1.5v1c0 0.825-0.675 1.5-1.5 1.5h-1c-0.825 0-1.5-0.675-1.5-1.5v-1z\"\/>\n<path d=\"M20 24h-8v-2h2v-6h-2v-2h6v8h2z\"\/>\n<path d=\"M16 0c-8.837 0-16 7.163-16 16s7.163 16 16 16 16-7.163 16-16-7.163-16-16-16zM16 29c-7.18 0-13-5.82-13-13s5.82-13 13-13 13 5.82 13 13-5.82 13-13 13z\"\/>\n<\/svg>\n      <\/span>\n      <span class='bde-icon-list__text' >\n      Was Sie mitbringen sollten: <br>Badeanzug, Hut f\u00fcr die Bootsfahrt, kleines Handtuch, Wasser, Snacks, wasserdichter Beh\u00e4lter, Sonnencreme.\n      <\/span>\n              <\/div>\n      \n    <\/li>\n\n  <\/ul>\n\n<\/div>\n<\/div><div class=\"bde-column-1535-112 bde-column\">\n  \n  \n\t\n\n\n\n<div class=\"bde-div-1535-117 bde-div\">\n  \n  \n\t\n\n\n\n<h3 class=\"bde-heading-1535-118 bde-heading\">\nKontaktieren Sie uns und buchen Sie\n<\/h3><div class=\"bde-form-builder-1535-119 bde-form-builder\">\n\n<form id=\"contact-form119\" class=\"breakdance-form breakdance-form--vertical\" data-options=\"{&quot;slug&quot;:&quot;custom&quot;,&quot;name&quot;:&quot;Contact Form&quot;,&quot;ajaxUrl&quot;:&quot;https:\\\/\\\/brezzadellario.com\\\/wp-admin\\\/admin-ajax.php&quot;,&quot;clearOnSuccess&quot;:true,&quot;hideOnSuccess&quot;:false,&quot;successMessage&quot;:&quot;Il tuo messaggio \\u00e8 stato ricevuto!&quot;,&quot;errorMessage&quot;:&quot;Qualcosa \\u00e8 andato storto, riprova.&quot;,&quot;redirect&quot;:false,&quot;redirectUrl&quot;:&quot;&quot;,&quot;customJavaScript&quot;:&quot;&quot;,&quot;recaptcha&quot;:{&quot;key&quot;:&quot;&quot;,&quot;enabled&quot;:false},&quot;honeypot_enabled&quot;:true,&quot;popupsOnSuccess&quot;:[],&quot;popupsOnError&quot;:[]}\" data-steps=\"0\" action=\"\" >\n  \n  \n  \n<div class=\"breakdance-form-field breakdance-form-field--text\" >\n    \n    \n            <label class=\"breakdance-form-field__label\" for=\"name\">\n            Vollst\u00e4ndiger Name<span class=\"breakdance-form-field__required\">*<\/span>\n        <\/label>\n    \n    <input\n    class=\"breakdance-form-field__input\"\n    id=\"name\"\n    aria-describedby=\"name\"\n    type=\"text\"\n    name=\"fields[name]\"\n    placeholder=\"\"\n    value=\"\"\n                \n        \n        \n    required\n>\n\n\n    \n    \n<\/div>\n\n\n<div class=\"breakdance-form-field breakdance-form-field--number\" >\n    \n    \n            <label class=\"breakdance-form-field__label\" for=\"oicfmd\">\n            Anzahl der Personen\n        <\/label>\n    \n    <input\n    class=\"breakdance-form-field__input\"\n    id=\"oicfmd\"\n    aria-describedby=\"oicfmd\"\n    type=\"number\"\n    name=\"fields[oicfmd]\"\n    placeholder=\"\"\n    value=\"\"\n                \n        \n        \n    \n    \n    \n    \n>\n\n\n    \n    \n<\/div>\n\n\n<div class=\"breakdance-form-field breakdance-form-field--email\" >\n    \n    \n            <label class=\"breakdance-form-field__label\" for=\"email\">\n            E-Mail<span class=\"breakdance-form-field__required\">*<\/span>\n        <\/label>\n    \n    <input\n    class=\"breakdance-form-field__input\"\n    id=\"email\"\n    aria-describedby=\"email\"\n    type=\"email\"\n    name=\"fields[email]\"\n    placeholder=\"\"\n    value=\"\"\n                \n        \n        \n    required\n>\n\n\n    \n    \n<\/div>\n\n\n<div class=\"breakdance-form-field breakdance-form-field--tel\" >\n    \n    \n            <label class=\"breakdance-form-field__label\" for=\"ffkijf\">\n            Telefon Nr.<span class=\"breakdance-form-field__required\">*<\/span>\n        <\/label>\n    \n    <input\n    class=\"breakdance-form-field__input\"\n    id=\"ffkijf\"\n    aria-describedby=\"ffkijf\"\n    type=\"tel\"\n    name=\"fields[ffkijf]\"\n    placeholder=\"\"\n    value=\"\"\n                \n        \n        \n    required\n>\n\n\n    \n    \n<\/div>\n\n\n<div class=\"breakdance-form-field breakdance-form-field--textarea\" >\n    \n    \n            <label class=\"breakdance-form-field__label\" for=\"message\">\n            Nachricht<span class=\"breakdance-form-field__required\">*<\/span>\n        <\/label>\n    \n    <textarea\n    class=\"breakdance-form-field__input\"\n    id=\"message\"\n    aria-describedby=\"message\"\n    type=\"textarea\"\n    name=\"fields[message]\"\n        placeholder=\"\"\n    required\n>\n<\/textarea>\n\n\n    \n    \n<\/div>\n\n\n<div class=\"breakdance-form-field breakdance-form-field--date\" >\n    \n    \n            <label class=\"breakdance-form-field__label\" for=\"pjtihh\">\n            Bevorzugtes Datum\n        <\/label>\n    \n    <input\n    class=\"breakdance-form-field__input\"\n    id=\"pjtihh\"\n    aria-describedby=\"pjtihh\"\n    type=\"date\"\n    name=\"fields[pjtihh]\"\n    placeholder=\"\"\n    value=\"\"\n                min=\"today\"\n        \n        \n    \n    \n    \n    \n>\n\n\n    \n    \n<\/div>\n\n\n<div class=\"breakdance-form-field breakdance-form-field--time\" >\n    \n    \n            <label class=\"breakdance-form-field__label\" for=\"aunqwv\">\n            Fahrplan\n        <\/label>\n    \n    <input\n    class=\"breakdance-form-field__input\"\n    id=\"aunqwv\"\n    aria-describedby=\"aunqwv\"\n    type=\"time\"\n    name=\"fields[aunqwv]\"\n    placeholder=\"\"\n    value=\"00:00\"\n                \n        \n        \n    \n    \n    \n    \n>\n\n\n    \n    \n<\/div>\n\n\n<div class=\"breakdance-form-field breakdance-form-field--checkbox\" >\n    \n    \n    \n    <fieldset role=\"group\"\n    >\n          <div class=\"breakdance-form-checkbox\">\n          <input\n              type=\"checkbox\"\n              name=\"fields[clqyjx]\"\n              value=\"Ho letto e accettato la &lt;a style=&quot;color:#f0bb45;&quot; href=&quot;\/privacy-policy\/&quot;&gt;Privacy Policy&lt;\/a&gt;\"\n              id=\"clqyjx-1\"\n              \n                        >\n          <label class=\"breakdance-form-checkbox__text\" for=\"clqyjx-1\">Ich habe gelesen und akzeptiere die <a style=\"color:#f0bb45;\" href=\"\/de\/datenschutzbestimmungen\/\">Datenschutzbestimmungen<\/a><\/label>\n      <\/div>\n  <\/fieldset>\n\n\n\n    \n    \n<\/div>\n\n\n<div class=\"breakdance-form-field breakdance-form-field--hpinput\" >\n    \n    \n            <label class=\"breakdance-form-field__label\" for=\"hpname\">\n            HP Name\n        <\/label>\n    \n    <input\n    class=\"breakdance-form-field__input\"\n    id=\"hpname\"\n    aria-describedby=\"hpname\"\n    type=\"hpinput\"\n    name=\"fields[hpname]\"\n    placeholder=\"\"\n    value=\"\"\n                \n        \n        \n    \n    autocomplete=\"off\"\n    tabindex=\"-1\"\n    \n>\n\n\n    \n    \n<\/div>\n\n\n<div class=\"breakdance-form-field breakdance-form-field--hidden\" >\n    \n    \n    \n    <input\n    id=\"csrf-token-119\"\n    type=\"hidden\"\n    name=\"fields[csrfToken]\"\n    value=\"2bde89f02f\"\n    >\n\n\n    \n    \n<\/div>\n\n\n  \n\n<div class=\"breakdance-form-field breakdance-form-footer\">\n    \n    \n                                    \n    \n    \n    \n    \n            \n            <button type=\"submit\" class=\"button-atom button-atom--primary breakdance-form-button breakdance-form-button__submit\"  >\n    \n        <span class=\"button-atom__text\">Nachricht senden<\/span>\n\n        \n        \n            <\/button>\n    \n    <input type=\"hidden\" name=\"form_id\" value=\"119\">\n    <input type=\"hidden\" name=\"post_id\" value=\"1535\">\n<\/div>\n\n  \n<input type=\"hidden\" name=\"trp-form-language\" value=\"de\"\/><\/form>\n\n\n<\/div>\n<\/div>\n<\/div><\/div><\/div>\n<\/section>","protected":false},"excerpt":{"rendered":"<p>Corso di Kitesurf Inizia la tua avventura nel kitesurf nelle splendide acque del Lago di Como con il nostro corso per principianti, pensato per insegnarti le basi del controllo del kite, della sicurezza e del body dragging. Si parte da terra con un simulatore, per poi passare in acqua e mettere in pratica il rilancio [&hellip;]<\/p>","protected":false},"author":2,"featured_media":0,"parent":1306,"menu_order":0,"comment_status":"closed","ping_status":"closed","template":"","meta":{"_breakdance_hide_in_design_set":false,"_breakdance_tags":"","footnotes":""},"class_list":["post-1535","page","type-page","status-publish","hentry"],"_links":{"self":[{"href":"https:\/\/brezzadellario.com\/de\/wp-json\/wp\/v2\/pages\/1535","targetHints":{"allow":["GET"]}}],"collection":[{"href":"https:\/\/brezzadellario.com\/de\/wp-json\/wp\/v2\/pages"}],"about":[{"href":"https:\/\/brezzadellario.com\/de\/wp-json\/wp\/v2\/types\/page"}],"author":[{"embeddable":true,"href":"https:\/\/brezzadellario.com\/de\/wp-json\/wp\/v2\/users\/2"}],"replies":[{"embeddable":true,"href":"https:\/\/brezzadellario.com\/de\/wp-json\/wp\/v2\/comments?post=1535"}],"version-history":[{"count":15,"href":"https:\/\/brezzadellario.com\/de\/wp-json\/wp\/v2\/pages\/1535\/revisions"}],"predecessor-version":[{"id":1859,"href":"https:\/\/brezzadellario.com\/de\/wp-json\/wp\/v2\/pages\/1535\/revisions\/1859"}],"up":[{"embeddable":true,"href":"https:\/\/brezzadellario.com\/de\/wp-json\/wp\/v2\/pages\/1306"}],"wp:attachment":[{"href":"https:\/\/brezzadellario.com\/de\/wp-json\/wp\/v2\/media?parent=1535"}],"curies":[{"name":"wp","href":"https:\/\/api.w.org\/{rel}","templated":true}]}}