{"id":1526,"date":"2025-11-25T16:16:52","date_gmt":"2025-11-25T16:16:52","guid":{"rendered":"https:\/\/brezzadellario.com\/?page_id=1526"},"modified":"2026-03-31T15:37:46","modified_gmt":"2026-03-31T15:37:46","slug":"kochstunde","status":"publish","type":"page","link":"https:\/\/brezzadellario.com\/de\/erfahrungen-und-dienstleistungen\/kochstunde\/","title":{"rendered":"Kochkurs"},"content":{"rendered":"<section id=\"scroll\" class=\"bde-section-1526-100 bde-section\">\n  \n  \n\t\n\n\n\n<div class=\"section-container\"><div class=\"bde-columns-1526-101 bde-columns\"><div class=\"bde-column-1526-102 bde-column\">\n  \n  \n\t\n\n\n\n<div class=\"bde-gallery-1526-103 bde-gallery\">\n\n\n  \n\n\n\n\n\n\n\n  \n\n  <div class=\"ee-gallery-swiper breakdance-swiper-wrapper\" data-swiper-id=\"103\">\n    <div class=\"swiper\">\n\n<div class=\"ee-gallery ee-gallery--gallery-slider ee-gallery--slider ee-gallery--single ee-gallery--none ee-gallery-- ee-gallery--caption- ee-gallery--caption-none ee-gallery--ratio swiper-wrapper\">\n                  \n      <div class=\"ee-gallery-item ee-gallery-item--image ee-gallery-item--single swiper-slide\" href=\"https:\/\/brezzadellario.com\/wp-content\/uploads\/2025\/11\/LEZIONE-DI-CUCINA-1.webp\"  data-sub-html=\"<span><\/span>\" data-category=\"1\"                  data-lg-size=\"1707-2560\"\n\n      >\n        <figure class=\"ee-gallery-item-figure\">\n                        <img decoding=\"async\" class=\"breakdance-image-object\" src=\"https:\/\/brezzadellario.com\/wp-content\/uploads\/2025\/11\/LEZIONE-DI-CUCINA-1-683x1024.webp\" width=\"683\" height=\"1024\" srcset=\"https:\/\/brezzadellario.com\/wp-content\/uploads\/2025\/11\/LEZIONE-DI-CUCINA-1.webp 1707w, https:\/\/brezzadellario.com\/wp-content\/uploads\/2025\/11\/LEZIONE-DI-CUCINA-1-200x300.webp 200w, https:\/\/brezzadellario.com\/wp-content\/uploads\/2025\/11\/LEZIONE-DI-CUCINA-1-683x1024.webp 683w, https:\/\/brezzadellario.com\/wp-content\/uploads\/2025\/11\/LEZIONE-DI-CUCINA-1-768x1152.webp 768w, https:\/\/brezzadellario.com\/wp-content\/uploads\/2025\/11\/LEZIONE-DI-CUCINA-1-1024x1536.webp 1024w, https:\/\/brezzadellario.com\/wp-content\/uploads\/2025\/11\/LEZIONE-DI-CUCINA-1-1366x2048.webp 1366w, https:\/\/brezzadellario.com\/wp-content\/uploads\/2025\/11\/LEZIONE-DI-CUCINA-1-8x12.webp 8w\" sizes=\"auto, (max-width: 1707px) 100vw, 1707px\" loading=\"lazy\">\n          \n                  <\/figure>\n      <\/div>\n\n                \n      <div class=\"ee-gallery-item ee-gallery-item--image ee-gallery-item--single swiper-slide\" href=\"https:\/\/brezzadellario.com\/wp-content\/uploads\/2025\/11\/LEZIONE-DI-CUCINA.webp\"  data-sub-html=\"<span><\/span>\" data-category=\"1\"                  data-lg-size=\"1707-2560\"\n\n      >\n        <figure class=\"ee-gallery-item-figure\">\n                        <img decoding=\"async\" class=\"breakdance-image-object\" src=\"https:\/\/brezzadellario.com\/wp-content\/uploads\/2025\/11\/LEZIONE-DI-CUCINA-683x1024.webp\" width=\"683\" height=\"1024\" srcset=\"https:\/\/brezzadellario.com\/wp-content\/uploads\/2025\/11\/LEZIONE-DI-CUCINA.webp 1707w, https:\/\/brezzadellario.com\/wp-content\/uploads\/2025\/11\/LEZIONE-DI-CUCINA-200x300.webp 200w, https:\/\/brezzadellario.com\/wp-content\/uploads\/2025\/11\/LEZIONE-DI-CUCINA-683x1024.webp 683w, https:\/\/brezzadellario.com\/wp-content\/uploads\/2025\/11\/LEZIONE-DI-CUCINA-768x1152.webp 768w, https:\/\/brezzadellario.com\/wp-content\/uploads\/2025\/11\/LEZIONE-DI-CUCINA-1024x1536.webp 1024w, https:\/\/brezzadellario.com\/wp-content\/uploads\/2025\/11\/LEZIONE-DI-CUCINA-1366x2048.webp 1366w, https:\/\/brezzadellario.com\/wp-content\/uploads\/2025\/11\/LEZIONE-DI-CUCINA-8x12.webp 8w\" sizes=\"auto, (max-width: 1707px) 100vw, 1707px\" loading=\"lazy\">\n          \n                  <\/figure>\n      <\/div>\n\n                \n      <div class=\"ee-gallery-item ee-gallery-item--image ee-gallery-item--single swiper-slide\" href=\"https:\/\/brezzadellario.com\/wp-content\/uploads\/2025\/11\/LEZIONE-DI-CUCINA-2.webp\"  data-sub-html=\"<span><\/span>\" data-category=\"1\"                  data-lg-size=\"1707-2560\"\n\n      >\n        <figure class=\"ee-gallery-item-figure\">\n                        <img decoding=\"async\" class=\"breakdance-image-object\" src=\"https:\/\/brezzadellario.com\/wp-content\/uploads\/2025\/11\/LEZIONE-DI-CUCINA-2-683x1024.webp\" width=\"683\" height=\"1024\" srcset=\"https:\/\/brezzadellario.com\/wp-content\/uploads\/2025\/11\/LEZIONE-DI-CUCINA-2.webp 1707w, https:\/\/brezzadellario.com\/wp-content\/uploads\/2025\/11\/LEZIONE-DI-CUCINA-2-200x300.webp 200w, https:\/\/brezzadellario.com\/wp-content\/uploads\/2025\/11\/LEZIONE-DI-CUCINA-2-683x1024.webp 683w, https:\/\/brezzadellario.com\/wp-content\/uploads\/2025\/11\/LEZIONE-DI-CUCINA-2-768x1152.webp 768w, https:\/\/brezzadellario.com\/wp-content\/uploads\/2025\/11\/LEZIONE-DI-CUCINA-2-1024x1536.webp 1024w, https:\/\/brezzadellario.com\/wp-content\/uploads\/2025\/11\/LEZIONE-DI-CUCINA-2-1366x2048.webp 1366w, https:\/\/brezzadellario.com\/wp-content\/uploads\/2025\/11\/LEZIONE-DI-CUCINA-2-8x12.webp 8w\" sizes=\"auto, (max-width: 1707px) 100vw, 1707px\" loading=\"lazy\">\n          \n                  <\/figure>\n      <\/div>\n\n                \n      <div class=\"ee-gallery-item ee-gallery-item--image ee-gallery-item--single swiper-slide\" href=\"https:\/\/brezzadellario.com\/wp-content\/uploads\/2025\/11\/LEZIONE-DI-CUCINA-3.webp\"  data-sub-html=\"<span><\/span>\" data-category=\"1\"                  data-lg-size=\"1707-2560\"\n\n      >\n        <figure class=\"ee-gallery-item-figure\">\n                        <img decoding=\"async\" class=\"breakdance-image-object\" src=\"https:\/\/brezzadellario.com\/wp-content\/uploads\/2025\/11\/LEZIONE-DI-CUCINA-3-683x1024.webp\" width=\"683\" height=\"1024\" srcset=\"https:\/\/brezzadellario.com\/wp-content\/uploads\/2025\/11\/LEZIONE-DI-CUCINA-3.webp 1707w, https:\/\/brezzadellario.com\/wp-content\/uploads\/2025\/11\/LEZIONE-DI-CUCINA-3-200x300.webp 200w, https:\/\/brezzadellario.com\/wp-content\/uploads\/2025\/11\/LEZIONE-DI-CUCINA-3-683x1024.webp 683w, https:\/\/brezzadellario.com\/wp-content\/uploads\/2025\/11\/LEZIONE-DI-CUCINA-3-768x1152.webp 768w, https:\/\/brezzadellario.com\/wp-content\/uploads\/2025\/11\/LEZIONE-DI-CUCINA-3-1024x1536.webp 1024w, https:\/\/brezzadellario.com\/wp-content\/uploads\/2025\/11\/LEZIONE-DI-CUCINA-3-1366x2048.webp 1366w, https:\/\/brezzadellario.com\/wp-content\/uploads\/2025\/11\/LEZIONE-DI-CUCINA-3-8x12.webp 8w\" sizes=\"auto, (max-width: 1707px) 100vw, 1707px\" loading=\"lazy\">\n          \n                  <\/figure>\n      <\/div>\n\n      \n  <\/div>\n\n    <\/div>\n                <div class=\"swiper-button-prev\">\n            \n        <\/div>\n        <div class=\"swiper-button-next\">\n            \n        <\/div>\n    \n            <div class=\"swiper-pagination\"><\/div>\n    \n  <\/div>\n\n\n<\/div><h1 class=\"bde-heading-1526-104 bde-heading\">\nKochkurs\n<\/h1><div class=\"bde-text-1526-105 bde-text\" data-entrance=\"fade\">\nHaben Sie sich schon einmal vorgestellt, frische Pasta so zuzubereiten wie die Italiener? Jetzt k\u00f6nnen Sie dies im Haus eines Einheimischen erleben.<br>Diese Kochkurse sind so konzipiert, dass sie mehr als nur eine Unterrichtsstunde bieten - sie sind ein intensives Erlebnis, bei dem Sie das Beste der italienischen K\u00fcche in einer warmen und einladenden Atmosph\u00e4re lernen, kochen und vor allem genie\u00dfen k\u00f6nnen. Jede Lektion bringt Sie dem Ziel n\u00e4her, ein Experte der italienischen kulinarischen Traditionen zu werden.\n<\/div><h3 class=\"bde-heading-1526-106 bde-heading\">\nInformationen und Kosten\n<\/h3><div class=\"bde-icon-list-1526-109 bde-icon-list\">\n<ul>\n  \n              \n    <li>\n              <div class='bde-icon-list__item-wrapper'>\n      \n      <span class='bde-icon-list__icon'>\n        <svg xmlns=\"http:\/\/www.w3.org\/2000\/svg\" viewbox=\"0 0 640 512\"><!--! Font Awesome Free 6.5.1 by @fontawesome - https:\/\/fontawesome.com License - https:\/\/fontawesome.com\/license\/free (Icons: CC BY 4.0, Fonts: SIL OFL 1.1, Code: MIT License) Copyright 2023 Fonticons, Inc. --><path d=\"M96 96V320c0 35.3 28.7 64 64 64H576c35.3 0 64-28.7 64-64V96c0-35.3-28.7-64-64-64H160c-35.3 0-64 28.7-64 64zm64 160c35.3 0 64 28.7 64 64H160V256zM224 96c0 35.3-28.7 64-64 64V96h64zM576 256v64H512c0-35.3 28.7-64 64-64zM512 96h64v64c-35.3 0-64-28.7-64-64zM288 208a80 80 0 1 1 160 0 80 80 0 1 1 -160 0zM48 120c0-13.3-10.7-24-24-24S0 106.7 0 120V360c0 66.3 53.7 120 120 120H520c13.3 0 24-10.7 24-24s-10.7-24-24-24H120c-39.8 0-72-32.2-72-72V120z\"\/><\/svg>\n      <\/span>\n      <span class='bde-icon-list__text' >\n      Kosten: ab 175 Euro \n      <\/span>\n              <\/div>\n      \n    <\/li>\n\n  <\/ul>\n\n<\/div><div class=\"bde-icon-list-1526-111 bde-icon-list\">\n<ul>\n  \n              \n    <li>\n              <div class='bde-icon-list__item-wrapper'>\n      \n      <span class='bde-icon-list__icon'>\n        <svg xmlns=\"http:\/\/www.w3.org\/2000\/svg\" viewbox=\"0 0 384 512\"><!--! Font Awesome Free 6.5.1 by @fontawesome - https:\/\/fontawesome.com License - https:\/\/fontawesome.com\/license\/free (Icons: CC BY 4.0, Fonts: SIL OFL 1.1, Code: MIT License) Copyright 2023 Fonticons, Inc. --><path d=\"M384 192c0 87.4-117 243-168.3 307.2c-12.3 15.3-35.1 15.3-47.4 0C117 435 0 279.4 0 192C0 86 86 0 192 0S384 86 384 192z\"\/><\/svg>\n      <\/span>\n      <span class='bde-icon-list__text' >\n      Standort: Vestreno oder Bellano \n      <\/span>\n              <\/div>\n      \n    <\/li>\n\n  <\/ul>\n\n<\/div>\n<\/div><div class=\"bde-column-1526-112 bde-column\">\n  \n  \n\t\n\n\n\n<div class=\"bde-div-1526-113 bde-div\">\n  \n  \n\t\n\n\n\n<h3 class=\"bde-heading-1526-114 bde-heading\">\nKontaktieren Sie uns und buchen Sie\n<\/h3><div class=\"bde-form-builder-1526-116 bde-form-builder\">\n\n<form id=\"contact-form116\" class=\"breakdance-form breakdance-form--vertical\" data-options=\"{&quot;slug&quot;:&quot;custom&quot;,&quot;name&quot;:&quot;Contact Form&quot;,&quot;ajaxUrl&quot;:&quot;https:\\\/\\\/brezzadellario.com\\\/wp-admin\\\/admin-ajax.php&quot;,&quot;clearOnSuccess&quot;:true,&quot;hideOnSuccess&quot;:false,&quot;successMessage&quot;:&quot;Il tuo messaggio \\u00e8 stato ricevuto!&quot;,&quot;errorMessage&quot;:&quot;Qualcosa \\u00e8 andato storto, riprova.&quot;,&quot;redirect&quot;:false,&quot;redirectUrl&quot;:&quot;&quot;,&quot;customJavaScript&quot;:&quot;&quot;,&quot;recaptcha&quot;:{&quot;key&quot;:&quot;&quot;,&quot;enabled&quot;:false},&quot;honeypot_enabled&quot;:true,&quot;popupsOnSuccess&quot;:[],&quot;popupsOnError&quot;:[]}\" data-steps=\"0\" action=\"\" >\n  \n  \n  \n<div class=\"breakdance-form-field breakdance-form-field--text\" >\n    \n    \n            <label class=\"breakdance-form-field__label\" for=\"name\">\n            Vollst\u00e4ndiger Name<span class=\"breakdance-form-field__required\">*<\/span>\n        <\/label>\n    \n    <input\n    class=\"breakdance-form-field__input\"\n    id=\"name\"\n    aria-describedby=\"name\"\n    type=\"text\"\n    name=\"fields[name]\"\n    placeholder=\"\"\n    value=\"\"\n                \n        \n        \n    required\n>\n\n\n    \n    \n<\/div>\n\n\n<div class=\"breakdance-form-field breakdance-form-field--number\" >\n    \n    \n            <label class=\"breakdance-form-field__label\" for=\"oicfmd\">\n            Anzahl der Personen\n        <\/label>\n    \n    <input\n    class=\"breakdance-form-field__input\"\n    id=\"oicfmd\"\n    aria-describedby=\"oicfmd\"\n    type=\"number\"\n    name=\"fields[oicfmd]\"\n    placeholder=\"\"\n    value=\"\"\n                \n        \n        \n    \n    \n    \n    \n>\n\n\n    \n    \n<\/div>\n\n\n<div class=\"breakdance-form-field breakdance-form-field--email\" >\n    \n    \n            <label class=\"breakdance-form-field__label\" for=\"email\">\n            E-Mail<span class=\"breakdance-form-field__required\">*<\/span>\n        <\/label>\n    \n    <input\n    class=\"breakdance-form-field__input\"\n    id=\"email\"\n    aria-describedby=\"email\"\n    type=\"email\"\n    name=\"fields[email]\"\n    placeholder=\"\"\n    value=\"\"\n                \n        \n        \n    required\n>\n\n\n    \n    \n<\/div>\n\n\n<div class=\"breakdance-form-field breakdance-form-field--tel\" >\n    \n    \n            <label class=\"breakdance-form-field__label\" for=\"ffkijf\">\n            Telefon Nr.<span class=\"breakdance-form-field__required\">*<\/span>\n        <\/label>\n    \n    <input\n    class=\"breakdance-form-field__input\"\n    id=\"ffkijf\"\n    aria-describedby=\"ffkijf\"\n    type=\"tel\"\n    name=\"fields[ffkijf]\"\n    placeholder=\"\"\n    value=\"\"\n                \n        \n        \n    required\n>\n\n\n    \n    \n<\/div>\n\n\n<div class=\"breakdance-form-field breakdance-form-field--textarea\" >\n    \n    \n            <label class=\"breakdance-form-field__label\" for=\"message\">\n            Nachricht<span class=\"breakdance-form-field__required\">*<\/span>\n        <\/label>\n    \n    <textarea\n    class=\"breakdance-form-field__input\"\n    id=\"message\"\n    aria-describedby=\"message\"\n    type=\"textarea\"\n    name=\"fields[message]\"\n        placeholder=\"\"\n    required\n>\n<\/textarea>\n\n\n    \n    \n<\/div>\n\n\n<div class=\"breakdance-form-field breakdance-form-field--date\" >\n    \n    \n            <label class=\"breakdance-form-field__label\" for=\"pjtihh\">\n            Bevorzugtes Datum\n        <\/label>\n    \n    <input\n    class=\"breakdance-form-field__input\"\n    id=\"pjtihh\"\n    aria-describedby=\"pjtihh\"\n    type=\"date\"\n    name=\"fields[pjtihh]\"\n    placeholder=\"\"\n    value=\"\"\n                min=\"today\"\n        \n        \n    \n    \n    \n    \n>\n\n\n    \n    \n<\/div>\n\n\n<div class=\"breakdance-form-field breakdance-form-field--time\" >\n    \n    \n            <label class=\"breakdance-form-field__label\" for=\"aunqwv\">\n            Fahrplan\n        <\/label>\n    \n    <input\n    class=\"breakdance-form-field__input\"\n    id=\"aunqwv\"\n    aria-describedby=\"aunqwv\"\n    type=\"time\"\n    name=\"fields[aunqwv]\"\n    placeholder=\"\"\n    value=\"00:00\"\n                \n        \n        \n    \n    \n    \n    \n>\n\n\n    \n    \n<\/div>\n\n\n<div class=\"breakdance-form-field breakdance-form-field--checkbox\" >\n    \n    \n    \n    <fieldset role=\"group\"\n    >\n          <div class=\"breakdance-form-checkbox\">\n          <input\n              type=\"checkbox\"\n              name=\"fields[clqyjx]\"\n              value=\"Ho letto e accettato la &lt;a style=&quot;color:#f0bb45;&quot; href=&quot;\/privacy-policy\/&quot;&gt;Privacy Policy&lt;\/a&gt;\"\n              id=\"clqyjx-1\"\n              \n                        >\n          <label class=\"breakdance-form-checkbox__text\" for=\"clqyjx-1\">Ich habe gelesen und akzeptiere die <a style=\"color:#f0bb45;\" href=\"\/de\/datenschutzbestimmungen\/\">Datenschutzbestimmungen<\/a><\/label>\n      <\/div>\n  <\/fieldset>\n\n\n\n    \n    \n<\/div>\n\n\n<div class=\"breakdance-form-field breakdance-form-field--hpinput\" >\n    \n    \n            <label class=\"breakdance-form-field__label\" for=\"hpname\">\n            HP Name\n        <\/label>\n    \n    <input\n    class=\"breakdance-form-field__input\"\n    id=\"hpname\"\n    aria-describedby=\"hpname\"\n    type=\"hpinput\"\n    name=\"fields[hpname]\"\n    placeholder=\"\"\n    value=\"\"\n                \n        \n        \n    \n    autocomplete=\"off\"\n    tabindex=\"-1\"\n    \n>\n\n\n    \n    \n<\/div>\n\n\n<div class=\"breakdance-form-field breakdance-form-field--hidden\" >\n    \n    \n    \n    <input\n    id=\"csrf-token-116\"\n    type=\"hidden\"\n    name=\"fields[csrfToken]\"\n    value=\"2bde89f02f\"\n    >\n\n\n    \n    \n<\/div>\n\n\n  \n\n<div class=\"breakdance-form-field breakdance-form-footer\">\n    \n    \n                                    \n    \n    \n    \n    \n            \n            <button type=\"submit\" class=\"button-atom button-atom--primary breakdance-form-button breakdance-form-button__submit\"  >\n    \n        <span class=\"button-atom__text\">Nachricht senden<\/span>\n\n        \n        \n            <\/button>\n    \n    <input type=\"hidden\" name=\"form_id\" value=\"116\">\n    <input type=\"hidden\" name=\"post_id\" value=\"1526\">\n<\/div>\n\n  \n<input type=\"hidden\" name=\"trp-form-language\" value=\"de\"\/><\/form>\n\n\n<\/div>\n<\/div>\n<\/div><\/div><\/div>\n<\/section>","protected":false},"excerpt":{"rendered":"<p>Lezione di cucina Hai mai immaginato di preparare la pasta fresca proprio come fanno gli italiani? Ora puoi vivere questa esperienza a casa di un locale.Queste lezioni di cucina sono pensate per offrire qualcosa di pi\u00f9 di una semplice lezione \u2014 sono esperienze coinvolgenti, dove impari, cucini e, cosa pi\u00f9 importante, assapori il meglio della [&hellip;]<\/p>","protected":false},"author":2,"featured_media":0,"parent":1306,"menu_order":0,"comment_status":"closed","ping_status":"closed","template":"","meta":{"_breakdance_hide_in_design_set":false,"_breakdance_tags":"","footnotes":""},"class_list":["post-1526","page","type-page","status-publish","hentry"],"_links":{"self":[{"href":"https:\/\/brezzadellario.com\/de\/wp-json\/wp\/v2\/pages\/1526","targetHints":{"allow":["GET"]}}],"collection":[{"href":"https:\/\/brezzadellario.com\/de\/wp-json\/wp\/v2\/pages"}],"about":[{"href":"https:\/\/brezzadellario.com\/de\/wp-json\/wp\/v2\/types\/page"}],"author":[{"embeddable":true,"href":"https:\/\/brezzadellario.com\/de\/wp-json\/wp\/v2\/users\/2"}],"replies":[{"embeddable":true,"href":"https:\/\/brezzadellario.com\/de\/wp-json\/wp\/v2\/comments?post=1526"}],"version-history":[{"count":10,"href":"https:\/\/brezzadellario.com\/de\/wp-json\/wp\/v2\/pages\/1526\/revisions"}],"predecessor-version":[{"id":1862,"href":"https:\/\/brezzadellario.com\/de\/wp-json\/wp\/v2\/pages\/1526\/revisions\/1862"}],"up":[{"embeddable":true,"href":"https:\/\/brezzadellario.com\/de\/wp-json\/wp\/v2\/pages\/1306"}],"wp:attachment":[{"href":"https:\/\/brezzadellario.com\/de\/wp-json\/wp\/v2\/media?parent=1526"}],"curies":[{"name":"wp","href":"https:\/\/api.w.org\/{rel}","templated":true}]}}