{"id":1514,"date":"2025-11-25T16:15:18","date_gmt":"2025-11-25T16:15:18","guid":{"rendered":"https:\/\/brezzadellario.com\/?page_id=1514"},"modified":"2026-03-31T15:37:24","modified_gmt":"2026-03-31T15:37:24","slug":"superkurs","status":"publish","type":"page","link":"https:\/\/brezzadellario.com\/de\/erfahrungen-und-dienstleistungen\/superkurs\/","title":{"rendered":"Sup-Kurs"},"content":{"rendered":"<section id=\"scroll\" class=\"bde-section-1514-100 bde-section\">\n  \n  \n\t\n\n\n\n<div class=\"section-container\"><div class=\"bde-columns-1514-101 bde-columns\"><div class=\"bde-column-1514-102 bde-column\">\n  \n  \n\t\n\n\n\n<div class=\"bde-gallery-1514-103 bde-gallery\">\n\n\n  \n\n\n\n\n\n\n\n  \n\n  <div class=\"ee-gallery-swiper breakdance-swiper-wrapper\" data-swiper-id=\"103\">\n    <div class=\"swiper\">\n\n<div class=\"ee-gallery ee-gallery--gallery-slider ee-gallery--slider ee-gallery--single ee-gallery--none ee-gallery-- ee-gallery--caption- ee-gallery--caption-none ee-gallery--ratio swiper-wrapper\">\n                  \n      <div class=\"ee-gallery-item ee-gallery-item--image ee-gallery-item--single swiper-slide\" href=\"https:\/\/brezzadellario.com\/wp-content\/uploads\/2025\/11\/CORSO-DI-SUP-2.webp\"  data-sub-html=\"<span><\/span>\" data-category=\"1\"                  data-lg-size=\"2560-1709\"\n\n      >\n        <figure class=\"ee-gallery-item-figure\">\n                        <img decoding=\"async\" class=\"breakdance-image-object\" src=\"https:\/\/brezzadellario.com\/wp-content\/uploads\/2025\/11\/CORSO-DI-SUP-2-1024x684.webp\" width=\"1024\" height=\"684\" srcset=\"https:\/\/brezzadellario.com\/wp-content\/uploads\/2025\/11\/CORSO-DI-SUP-2.webp 2560w, https:\/\/brezzadellario.com\/wp-content\/uploads\/2025\/11\/CORSO-DI-SUP-2-300x200.webp 300w, https:\/\/brezzadellario.com\/wp-content\/uploads\/2025\/11\/CORSO-DI-SUP-2-1024x684.webp 1024w, https:\/\/brezzadellario.com\/wp-content\/uploads\/2025\/11\/CORSO-DI-SUP-2-768x513.webp 768w, https:\/\/brezzadellario.com\/wp-content\/uploads\/2025\/11\/CORSO-DI-SUP-2-1536x1025.webp 1536w, https:\/\/brezzadellario.com\/wp-content\/uploads\/2025\/11\/CORSO-DI-SUP-2-2048x1367.webp 2048w, https:\/\/brezzadellario.com\/wp-content\/uploads\/2025\/11\/CORSO-DI-SUP-2-18x12.webp 18w\" sizes=\"auto, (max-width: 2560px) 100vw, 2560px\" loading=\"lazy\">\n          \n                  <\/figure>\n      <\/div>\n\n                \n      <div class=\"ee-gallery-item ee-gallery-item--image ee-gallery-item--single swiper-slide\" href=\"https:\/\/brezzadellario.com\/wp-content\/uploads\/2025\/11\/CORSO-DI-SUP.webp\"  data-sub-html=\"<span><\/span>\" data-category=\"1\"                  data-lg-size=\"2560-1920\"\n\n      >\n        <figure class=\"ee-gallery-item-figure\">\n                        <img decoding=\"async\" class=\"breakdance-image-object\" src=\"https:\/\/brezzadellario.com\/wp-content\/uploads\/2025\/11\/CORSO-DI-SUP-1024x768.webp\" width=\"1024\" height=\"768\" srcset=\"https:\/\/brezzadellario.com\/wp-content\/uploads\/2025\/11\/CORSO-DI-SUP.webp 2560w, https:\/\/brezzadellario.com\/wp-content\/uploads\/2025\/11\/CORSO-DI-SUP-300x225.webp 300w, https:\/\/brezzadellario.com\/wp-content\/uploads\/2025\/11\/CORSO-DI-SUP-1024x768.webp 1024w, https:\/\/brezzadellario.com\/wp-content\/uploads\/2025\/11\/CORSO-DI-SUP-768x576.webp 768w, https:\/\/brezzadellario.com\/wp-content\/uploads\/2025\/11\/CORSO-DI-SUP-1536x1152.webp 1536w, https:\/\/brezzadellario.com\/wp-content\/uploads\/2025\/11\/CORSO-DI-SUP-2048x1536.webp 2048w, https:\/\/brezzadellario.com\/wp-content\/uploads\/2025\/11\/CORSO-DI-SUP-16x12.webp 16w\" sizes=\"auto, (max-width: 2560px) 100vw, 2560px\" loading=\"lazy\">\n          \n                  <\/figure>\n      <\/div>\n\n                \n      <div class=\"ee-gallery-item ee-gallery-item--image ee-gallery-item--single swiper-slide\" href=\"https:\/\/brezzadellario.com\/wp-content\/uploads\/2025\/11\/CORSO-DI-SUP-1.webp\"  data-sub-html=\"<span><\/span>\" data-category=\"1\"                  data-lg-size=\"1917-2560\"\n\n      >\n        <figure class=\"ee-gallery-item-figure\">\n                        <img decoding=\"async\" class=\"breakdance-image-object\" src=\"https:\/\/brezzadellario.com\/wp-content\/uploads\/2025\/11\/CORSO-DI-SUP-1-767x1024.webp\" width=\"767\" height=\"1024\" srcset=\"https:\/\/brezzadellario.com\/wp-content\/uploads\/2025\/11\/CORSO-DI-SUP-1.webp 1917w, https:\/\/brezzadellario.com\/wp-content\/uploads\/2025\/11\/CORSO-DI-SUP-1-225x300.webp 225w, https:\/\/brezzadellario.com\/wp-content\/uploads\/2025\/11\/CORSO-DI-SUP-1-767x1024.webp 767w, https:\/\/brezzadellario.com\/wp-content\/uploads\/2025\/11\/CORSO-DI-SUP-1-768x1026.webp 768w, https:\/\/brezzadellario.com\/wp-content\/uploads\/2025\/11\/CORSO-DI-SUP-1-1150x1536.webp 1150w, https:\/\/brezzadellario.com\/wp-content\/uploads\/2025\/11\/CORSO-DI-SUP-1-1534x2048.webp 1534w, https:\/\/brezzadellario.com\/wp-content\/uploads\/2025\/11\/CORSO-DI-SUP-1-9x12.webp 9w\" sizes=\"auto, (max-width: 1917px) 100vw, 1917px\" loading=\"lazy\">\n          \n                  <\/figure>\n      <\/div>\n\n                \n      <div class=\"ee-gallery-item ee-gallery-item--image ee-gallery-item--single swiper-slide\" href=\"https:\/\/brezzadellario.com\/wp-content\/uploads\/2025\/11\/CORSO-DI-SUP-3.webp\"  data-sub-html=\"<span><\/span>\" data-category=\"1\"                  data-lg-size=\"2048-2560\"\n\n      >\n        <figure class=\"ee-gallery-item-figure\">\n                        <img decoding=\"async\" class=\"breakdance-image-object\" src=\"https:\/\/brezzadellario.com\/wp-content\/uploads\/2025\/11\/CORSO-DI-SUP-3-819x1024.webp\" width=\"819\" height=\"1024\" srcset=\"https:\/\/brezzadellario.com\/wp-content\/uploads\/2025\/11\/CORSO-DI-SUP-3.webp 2048w, https:\/\/brezzadellario.com\/wp-content\/uploads\/2025\/11\/CORSO-DI-SUP-3-240x300.webp 240w, https:\/\/brezzadellario.com\/wp-content\/uploads\/2025\/11\/CORSO-DI-SUP-3-819x1024.webp 819w, https:\/\/brezzadellario.com\/wp-content\/uploads\/2025\/11\/CORSO-DI-SUP-3-768x960.webp 768w, https:\/\/brezzadellario.com\/wp-content\/uploads\/2025\/11\/CORSO-DI-SUP-3-1229x1536.webp 1229w, https:\/\/brezzadellario.com\/wp-content\/uploads\/2025\/11\/CORSO-DI-SUP-3-1638x2048.webp 1638w, https:\/\/brezzadellario.com\/wp-content\/uploads\/2025\/11\/CORSO-DI-SUP-3-10x12.webp 10w\" sizes=\"auto, (max-width: 2048px) 100vw, 2048px\" loading=\"lazy\">\n          \n                  <\/figure>\n      <\/div>\n\n      \n  <\/div>\n\n    <\/div>\n                <div class=\"swiper-button-prev\">\n            \n        <\/div>\n        <div class=\"swiper-button-next\">\n            \n        <\/div>\n    \n            <div class=\"swiper-pagination\"><\/div>\n    \n  <\/div>\n\n\n<\/div><h1 class=\"bde-heading-1514-104 bde-heading\">\nSup-Kurs\n<\/h1><div class=\"bde-text-1514-105 bde-text\" data-entrance=\"fade\">\nNehmen Sie an unserem Stand Up Paddle (SUP) Kurs in den wundersch\u00f6nen Gew\u00e4ssern des Comer Sees teil und lernen Sie mit erfahrenen Lehrern die Grundlagen des Gleichgewichts, der Paddeltechnik und der Sicherheitsregeln.<br><br>Ganz gleich, ob Sie Anf\u00e4nger sind oder Ihre Technik verbessern wollen, dieser Kurs bietet die perfekte Mischung aus Spa\u00df, k\u00f6rperlicher Aktivit\u00e4t und atemberaubender Landschaft. Sie werden den kristallklaren See erkunden, umgeben von Bergen und charmanten D\u00f6rfern - und dabei eine neue Fertigkeit auf dem Wasser erlernen.\n<\/div><h3 class=\"bde-heading-1514-106 bde-heading\">\nInformationen und Kosten\n<\/h3><div class=\"bde-icon-list-1514-107 bde-icon-list\">\n<ul>\n  \n              \n    <li>\n              <div class='bde-icon-list__item-wrapper'>\n      \n      <span class='bde-icon-list__icon'>\n        <svg xmlns=\"http:\/\/www.w3.org\/2000\/svg\" viewbox=\"0 0 512 512\"><!--! Font Awesome Free 6.5.1 by @fontawesome - https:\/\/fontawesome.com License - https:\/\/fontawesome.com\/license\/free (Icons: CC BY 4.0, Fonts: SIL OFL 1.1, Code: MIT License) Copyright 2023 Fonticons, Inc. --><path d=\"M464 256A208 208 0 1 1 48 256a208 208 0 1 1 416 0zM0 256a256 256 0 1 0 512 0A256 256 0 1 0 0 256zM232 120V256c0 8 4 15.5 10.7 20l96 64c11 7.4 25.9 4.4 33.3-6.7s4.4-25.9-6.7-33.3L280 243.2V120c0-13.3-10.7-24-24-24s-24 10.7-24 24z\"\/><\/svg>\n      <\/span>\n      <span class='bde-icon-list__text' >\n      Dauer: ca. 2 Stunden\n      <\/span>\n              <\/div>\n      \n    <\/li>\n\n  <\/ul>\n\n<\/div><div class=\"bde-icon-list-1514-108 bde-icon-list\">\n<ul>\n  \n              \n    <li>\n              <div class='bde-icon-list__item-wrapper'>\n      \n      <span class='bde-icon-list__icon'>\n        <svg xmlns=\"http:\/\/www.w3.org\/2000\/svg\" viewbox=\"0 0 640 512\"><!--! Font Awesome Free 6.5.1 by @fontawesome - https:\/\/fontawesome.com License - https:\/\/fontawesome.com\/license\/free (Icons: CC BY 4.0, Fonts: SIL OFL 1.1, Code: MIT License) Copyright 2023 Fonticons, Inc. --><path d=\"M96 96V320c0 35.3 28.7 64 64 64H576c35.3 0 64-28.7 64-64V96c0-35.3-28.7-64-64-64H160c-35.3 0-64 28.7-64 64zm64 160c35.3 0 64 28.7 64 64H160V256zM224 96c0 35.3-28.7 64-64 64V96h64zM576 256v64H512c0-35.3 28.7-64 64-64zM512 96h64v64c-35.3 0-64-28.7-64-64zM288 208a80 80 0 1 1 160 0 80 80 0 1 1 -160 0zM48 120c0-13.3-10.7-24-24-24S0 106.7 0 120V360c0 66.3 53.7 120 120 120H520c13.3 0 24-10.7 24-24s-10.7-24-24-24H120c-39.8 0-72-32.2-72-72V120z\"\/><\/svg>\n      <\/span>\n      <span class='bde-icon-list__text' >\n      Kosten: 75,00 Euro pro Person\n      <\/span>\n              <\/div>\n      \n    <\/li>\n\n  <\/ul>\n\n<\/div><div class=\"bde-icon-list-1514-109 bde-icon-list\">\n<ul>\n  \n              \n    <li>\n              <div class='bde-icon-list__item-wrapper'>\n      \n      <span class='bde-icon-list__icon'>\n        <svg xmlns=\"http:\/\/www.w3.org\/2000\/svg\" viewbox=\"0 0 640 512\"><!--! Font Awesome Free 6.5.1 by @fontawesome - https:\/\/fontawesome.com License - https:\/\/fontawesome.com\/license\/free (Icons: CC BY 4.0, Fonts: SIL OFL 1.1, Code: MIT License) Copyright 2023 Fonticons, Inc. --><path d=\"M72 88a56 56 0 1 1 112 0A56 56 0 1 1 72 88zM64 245.7C54 256.9 48 271.8 48 288s6 31.1 16 42.3V245.7zm144.4-49.3C178.7 222.7 160 261.2 160 304c0 34.3 12 65.8 32 90.5V416c0 17.7-14.3 32-32 32H96c-17.7 0-32-14.3-32-32V389.2C26.2 371.2 0 332.7 0 288c0-61.9 50.1-112 112-112h32c24 0 46.2 7.5 64.4 20.3zM448 416V394.5c20-24.7 32-56.2 32-90.5c0-42.8-18.7-81.3-48.4-107.7C449.8 183.5 472 176 496 176h32c61.9 0 112 50.1 112 112c0 44.7-26.2 83.2-64 101.2V416c0 17.7-14.3 32-32 32H480c-17.7 0-32-14.3-32-32zm8-328a56 56 0 1 1 112 0A56 56 0 1 1 456 88zM576 245.7v84.7c10-11.3 16-26.1 16-42.3s-6-31.1-16-42.3zM320 32a64 64 0 1 1 0 128 64 64 0 1 1 0-128zM240 304c0 16.2 6 31 16 42.3V261.7c-10 11.3-16 26.1-16 42.3zm144-42.3v84.7c10-11.3 16-26.1 16-42.3s-6-31.1-16-42.3zM448 304c0 44.7-26.2 83.2-64 101.2V448c0 17.7-14.3 32-32 32H288c-17.7 0-32-14.3-32-32V405.2c-37.8-18-64-56.5-64-101.2c0-61.9 50.1-112 112-112h32c61.9 0 112 50.1 112 112z\"\/><\/svg>\n      <\/span>\n      <span class='bde-icon-list__text' >\n      Alter: Geeignet f\u00fcr alle Altersgruppen\n      <\/span>\n              <\/div>\n      \n    <\/li>\n\n  <\/ul>\n\n<\/div><div class=\"bde-icon-list-1514-110 bde-icon-list\">\n<ul>\n  \n              \n    <li>\n              <div class='bde-icon-list__item-wrapper'>\n      \n      <span class='bde-icon-list__icon'>\n        <svg xmlns=\"http:\/\/www.w3.org\/2000\/svg\" xmlns:xlink=\"http:\/\/www.w3.org\/1999\/xlink\" fill=\"#000000\" height=\"800px\" width=\"800px\" version=\"1.1\" id=\"Layer_1\" viewbox=\"0 0 512.001 512.001\" xml:space=\"preserve\">\r\n<g>\r\n\t<g>\r\n\t\t<path d=\"M508.359,22.186c-1.849-9.67-9.38-16.802-18.532-18.549C377.101-19.154,251.988,69.618,165.792,146.128    C74.073,227.546,7.676,312.493,4.895,316.07c-7.348,9.449-6.235,22.982,2.104,31.024c6.448,6.447,154.021,154.02,158.082,158.082    c0.023,0.022,0.048,0.04,0.07,0.064c8.288,8.23,21.514,9.063,30.77,1.857c3.577-2.781,88.524-69.178,169.942-160.898    C478.28,219.556,526.218,110.547,508.359,22.186z M154.284,220.733c-10.896,19.997-28.255,40.954-55.826,57.869    C114.508,261.019,133.374,241.195,154.284,220.733z M102.456,376.519c-12.125-12.124-23.695-23.696-33.531-33.533    c93.679-30.423,144.473-101.85,150.029-181.058c80.225-67.29,152.147-105.804,211.767-113.674L102.456,376.519z M233.392,413.529    c16.909-27.555,37.855-44.906,57.843-55.801C270.783,378.628,250.969,397.484,233.392,413.529z M350.059,293.038    C271.194,298.569,199.551,349,169.003,443.065c-9.838-9.836-21.408-21.409-33.531-33.53L463.734,81.272    C455.86,140.903,417.348,212.817,350.059,293.038z\"\/>\r\n\t<\/g>\r\n<\/g>\r\n<\/svg>\n      <\/span>\n      <span class='bde-icon-list__text' >\n      Einschlie\u00dflich:<br>SUP-Board, Paddel, Schwimmweste und pers\u00f6nliches Schlie\u00dffach in der Anlage\n      <\/span>\n              <\/div>\n      \n    <\/li>\n\n  <\/ul>\n\n<\/div><div class=\"bde-icon-list-1514-111 bde-icon-list\">\n<ul>\n  \n              \n    <li>\n              <div class='bde-icon-list__item-wrapper'>\n      \n      <span class='bde-icon-list__icon'>\n        <svg xmlns=\"http:\/\/www.w3.org\/2000\/svg\" id=\"icon-info\" viewbox=\"0 0 32 32\">\n<path d=\"M14 9.5c0-0.825 0.675-1.5 1.5-1.5h1c0.825 0 1.5 0.675 1.5 1.5v1c0 0.825-0.675 1.5-1.5 1.5h-1c-0.825 0-1.5-0.675-1.5-1.5v-1z\"\/>\n<path d=\"M20 24h-8v-2h2v-6h-2v-2h6v8h2z\"\/>\n<path d=\"M16 0c-8.837 0-16 7.163-16 16s7.163 16 16 16 16-7.163 16-16-7.163-16-16-16zM16 29c-7.18 0-13-5.82-13-13s5.82-13 13-13 13 5.82 13 13-5.82 13-13 13z\"\/>\n<\/svg>\n      <\/span>\n      <span class='bde-icon-list__text' >\n      Was Sie mitbringen sollten: <br>Badeanzug, Hut, Wasser, Sonnencreme\n      <\/span>\n              <\/div>\n      \n    <\/li>\n\n  <\/ul>\n\n<\/div>\n<\/div><div class=\"bde-column-1514-112 bde-column\">\n  \n  \n\t\n\n\n\n<div class=\"bde-div-1514-113 bde-div\">\n  \n  \n\t\n\n\n\n<h3 class=\"bde-heading-1514-114 bde-heading\">\nKontaktieren Sie uns und buchen Sie\n<\/h3><div class=\"bde-form-builder-1514-116 bde-form-builder\">\n\n<form id=\"contact-form116\" class=\"breakdance-form breakdance-form--vertical\" data-options=\"{&quot;slug&quot;:&quot;custom&quot;,&quot;name&quot;:&quot;Contact Form&quot;,&quot;ajaxUrl&quot;:&quot;https:\\\/\\\/brezzadellario.com\\\/wp-admin\\\/admin-ajax.php&quot;,&quot;clearOnSuccess&quot;:true,&quot;hideOnSuccess&quot;:false,&quot;successMessage&quot;:&quot;Il tuo messaggio \\u00e8 stato ricevuto!&quot;,&quot;errorMessage&quot;:&quot;Qualcosa \\u00e8 andato storto, riprova.&quot;,&quot;redirect&quot;:false,&quot;redirectUrl&quot;:&quot;&quot;,&quot;customJavaScript&quot;:&quot;&quot;,&quot;recaptcha&quot;:{&quot;key&quot;:&quot;&quot;,&quot;enabled&quot;:false},&quot;honeypot_enabled&quot;:true,&quot;popupsOnSuccess&quot;:[],&quot;popupsOnError&quot;:[]}\" data-steps=\"0\" action=\"\" >\n  \n  \n  \n<div class=\"breakdance-form-field breakdance-form-field--text\" >\n    \n    \n            <label class=\"breakdance-form-field__label\" for=\"name\">\n            Vollst\u00e4ndiger Name<span class=\"breakdance-form-field__required\">*<\/span>\n        <\/label>\n    \n    <input\n    class=\"breakdance-form-field__input\"\n    id=\"name\"\n    aria-describedby=\"name\"\n    type=\"text\"\n    name=\"fields[name]\"\n    placeholder=\"\"\n    value=\"\"\n                \n        \n        \n    required\n>\n\n\n    \n    \n<\/div>\n\n\n<div class=\"breakdance-form-field breakdance-form-field--number\" >\n    \n    \n            <label class=\"breakdance-form-field__label\" for=\"oicfmd\">\n            Anzahl der Personen\n        <\/label>\n    \n    <input\n    class=\"breakdance-form-field__input\"\n    id=\"oicfmd\"\n    aria-describedby=\"oicfmd\"\n    type=\"number\"\n    name=\"fields[oicfmd]\"\n    placeholder=\"\"\n    value=\"\"\n                \n        \n        \n    \n    \n    \n    \n>\n\n\n    \n    \n<\/div>\n\n\n<div class=\"breakdance-form-field breakdance-form-field--email\" >\n    \n    \n            <label class=\"breakdance-form-field__label\" for=\"email\">\n            E-Mail<span class=\"breakdance-form-field__required\">*<\/span>\n        <\/label>\n    \n    <input\n    class=\"breakdance-form-field__input\"\n    id=\"email\"\n    aria-describedby=\"email\"\n    type=\"email\"\n    name=\"fields[email]\"\n    placeholder=\"\"\n    value=\"\"\n                \n        \n        \n    required\n>\n\n\n    \n    \n<\/div>\n\n\n<div class=\"breakdance-form-field breakdance-form-field--tel\" >\n    \n    \n            <label class=\"breakdance-form-field__label\" for=\"ffkijf\">\n            Telefon Nr.<span class=\"breakdance-form-field__required\">*<\/span>\n        <\/label>\n    \n    <input\n    class=\"breakdance-form-field__input\"\n    id=\"ffkijf\"\n    aria-describedby=\"ffkijf\"\n    type=\"tel\"\n    name=\"fields[ffkijf]\"\n    placeholder=\"\"\n    value=\"\"\n                \n        \n        \n    required\n>\n\n\n    \n    \n<\/div>\n\n\n<div class=\"breakdance-form-field breakdance-form-field--textarea\" >\n    \n    \n            <label class=\"breakdance-form-field__label\" for=\"message\">\n            Nachricht<span class=\"breakdance-form-field__required\">*<\/span>\n        <\/label>\n    \n    <textarea\n    class=\"breakdance-form-field__input\"\n    id=\"message\"\n    aria-describedby=\"message\"\n    type=\"textarea\"\n    name=\"fields[message]\"\n        placeholder=\"\"\n    required\n>\n<\/textarea>\n\n\n    \n    \n<\/div>\n\n\n<div class=\"breakdance-form-field breakdance-form-field--date\" >\n    \n    \n            <label class=\"breakdance-form-field__label\" for=\"pjtihh\">\n            Bevorzugtes Datum\n        <\/label>\n    \n    <input\n    class=\"breakdance-form-field__input\"\n    id=\"pjtihh\"\n    aria-describedby=\"pjtihh\"\n    type=\"date\"\n    name=\"fields[pjtihh]\"\n    placeholder=\"\"\n    value=\"\"\n                min=\"today\"\n        \n        \n    \n    \n    \n    \n>\n\n\n    \n    \n<\/div>\n\n\n<div class=\"breakdance-form-field breakdance-form-field--time\" >\n    \n    \n            <label class=\"breakdance-form-field__label\" for=\"aunqwv\">\n            Fahrplan\n        <\/label>\n    \n    <input\n    class=\"breakdance-form-field__input\"\n    id=\"aunqwv\"\n    aria-describedby=\"aunqwv\"\n    type=\"time\"\n    name=\"fields[aunqwv]\"\n    placeholder=\"\"\n    value=\"00:00\"\n                \n        \n        \n    \n    \n    \n    \n>\n\n\n    \n    \n<\/div>\n\n\n<div class=\"breakdance-form-field breakdance-form-field--checkbox\" >\n    \n    \n    \n    <fieldset role=\"group\"\n    >\n          <div class=\"breakdance-form-checkbox\">\n          <input\n              type=\"checkbox\"\n              name=\"fields[clqyjx]\"\n              value=\"Ho letto e accettato la &lt;a style=&quot;color:#f0bb45;&quot; href=&quot;\/privacy-policy\/&quot;&gt;Privacy Policy&lt;\/a&gt;\"\n              id=\"clqyjx-1\"\n              \n                        >\n          <label class=\"breakdance-form-checkbox__text\" for=\"clqyjx-1\">Ich habe gelesen und akzeptiere die <a style=\"color:#f0bb45;\" href=\"\/de\/datenschutzbestimmungen\/\">Datenschutzbestimmungen<\/a><\/label>\n      <\/div>\n  <\/fieldset>\n\n\n\n    \n    \n<\/div>\n\n\n<div class=\"breakdance-form-field breakdance-form-field--hpinput\" >\n    \n    \n            <label class=\"breakdance-form-field__label\" for=\"hpname\">\n            HP Name\n        <\/label>\n    \n    <input\n    class=\"breakdance-form-field__input\"\n    id=\"hpname\"\n    aria-describedby=\"hpname\"\n    type=\"hpinput\"\n    name=\"fields[hpname]\"\n    placeholder=\"\"\n    value=\"\"\n                \n        \n        \n    \n    autocomplete=\"off\"\n    tabindex=\"-1\"\n    \n>\n\n\n    \n    \n<\/div>\n\n\n<div class=\"breakdance-form-field breakdance-form-field--hidden\" >\n    \n    \n    \n    <input\n    id=\"csrf-token-116\"\n    type=\"hidden\"\n    name=\"fields[csrfToken]\"\n    value=\"2bde89f02f\"\n    >\n\n\n    \n    \n<\/div>\n\n\n  \n\n<div class=\"breakdance-form-field breakdance-form-footer\">\n    \n    \n                                    \n    \n    \n    \n    \n            \n            <button type=\"submit\" class=\"button-atom button-atom--primary breakdance-form-button breakdance-form-button__submit\"  >\n    \n        <span class=\"button-atom__text\">Nachricht senden<\/span>\n\n        \n        \n            <\/button>\n    \n    <input type=\"hidden\" name=\"form_id\" value=\"116\">\n    <input type=\"hidden\" name=\"post_id\" value=\"1514\">\n<\/div>\n\n  \n<input type=\"hidden\" name=\"trp-form-language\" value=\"de\"\/><\/form>\n\n\n<\/div>\n<\/div>\n<\/div><\/div><\/div>\n<\/section>","protected":false},"excerpt":{"rendered":"<p>Corso di Sup Partecipa al nostro corso di Stand Up Paddle (SUP) nelle splendide acque del Lago di Como e impara le basi dell\u2019equilibrio, le tecniche di pagaiata e le norme di sicurezza con istruttori esperti.Che tu sia un principiante assoluto o voglia migliorare la tua tecnica, questo corso offre il mix perfetto di divertimento, [&hellip;]<\/p>","protected":false},"author":2,"featured_media":0,"parent":1306,"menu_order":0,"comment_status":"closed","ping_status":"closed","template":"","meta":{"_breakdance_hide_in_design_set":false,"_breakdance_tags":"","footnotes":""},"class_list":["post-1514","page","type-page","status-publish","hentry"],"_links":{"self":[{"href":"https:\/\/brezzadellario.com\/de\/wp-json\/wp\/v2\/pages\/1514","targetHints":{"allow":["GET"]}}],"collection":[{"href":"https:\/\/brezzadellario.com\/de\/wp-json\/wp\/v2\/pages"}],"about":[{"href":"https:\/\/brezzadellario.com\/de\/wp-json\/wp\/v2\/types\/page"}],"author":[{"embeddable":true,"href":"https:\/\/brezzadellario.com\/de\/wp-json\/wp\/v2\/users\/2"}],"replies":[{"embeddable":true,"href":"https:\/\/brezzadellario.com\/de\/wp-json\/wp\/v2\/comments?post=1514"}],"version-history":[{"count":10,"href":"https:\/\/brezzadellario.com\/de\/wp-json\/wp\/v2\/pages\/1514\/revisions"}],"predecessor-version":[{"id":1860,"href":"https:\/\/brezzadellario.com\/de\/wp-json\/wp\/v2\/pages\/1514\/revisions\/1860"}],"up":[{"embeddable":true,"href":"https:\/\/brezzadellario.com\/de\/wp-json\/wp\/v2\/pages\/1306"}],"wp:attachment":[{"href":"https:\/\/brezzadellario.com\/de\/wp-json\/wp\/v2\/media?parent=1514"}],"curies":[{"name":"wp","href":"https:\/\/api.w.org\/{rel}","templated":true}]}}